{"id":14,"date":"2021-10-19T00:14:33","date_gmt":"2021-10-18T22:14:33","guid":{"rendered":"https:\/\/kvetenaodlesa.cz\/index.php\/kosik\/"},"modified":"2021-10-19T00:14:33","modified_gmt":"2021-10-18T22:14:33","slug":"kosik","status":"publish","type":"page","link":"https:\/\/www.kvetenaodlesa.cz\/?page_id=14","title":{"rendered":"Ko\u0161\u00edk"},"content":{"rendered":"<div class=\"woocommerce\"><div class=\"woocommerce-notices-wrapper\"><\/div><p class=\"cart-empty woocommerce-info\">V\u00e1\u0161 ko\u0161\u00edk je pr\u00e1zdn\u00fd.<\/p>\t<p class=\"return-to-shop\">\n\t\t<a class=\"button wc-backward\" href=\"https:\/\/www.kvetenaodlesa.cz\/?page_id=13\">\n\t\t\tZp\u011bt do obchodu\t\t<\/a>\n\t<\/p>\n<\/div>\n","protected":false},"excerpt":{"rendered":"","protected":false},"author":1,"featured_media":0,"parent":0,"menu_order":0,"comment_status":"closed","ping_status":"closed","template":"","meta":{"ngg_post_thumbnail":0},"yoast_head":"<!-- This site is optimized with the Yoast SEO plugin v18.2 - https:\/\/yoast.com\/wordpress\/plugins\/seo\/ -->\n<title>Ko\u0161\u00edk - Zahradn\u00ed a floristck\u00e9 slu\u017eby<\/title>\n<meta name=\"robots\" content=\"index, follow, max-snippet:-1, max-image-preview:large, max-video-preview:-1\" \/>\n<link rel=\"canonical\" href=\"https:\/\/www.kvetenaodlesa.cz\/?page_id=14\" \/>\n<meta property=\"og:locale\" content=\"cs_CZ\" \/>\n<meta property=\"og:type\" content=\"article\" \/>\n<meta property=\"og:title\" content=\"Ko\u0161\u00edk - Zahradn\u00ed a floristck\u00e9 slu\u017eby\" \/>\n<meta property=\"og:url\" content=\"https:\/\/www.kvetenaodlesa.cz\/?page_id=14\" \/>\n<meta property=\"og:site_name\" content=\"Zahradn\u00ed a floristck\u00e9 slu\u017eby\" \/>\n<meta property=\"article:publisher\" content=\"https:\/\/www.facebook.com\/kvetenaodlesa\" \/>\n<meta name=\"twitter:card\" content=\"summary_large_image\" \/>\n<script type=\"application\/ld+json\" class=\"yoast-schema-graph\">{\"@context\":\"https:\/\/schema.org\",\"@graph\":[{\"@type\":\"Organization\",\"@id\":\"https:\/\/www.kvetenaodlesa.cz\/#organization\",\"name\":\"Kv\u011btena od Lesa\",\"url\":\"https:\/\/www.kvetenaodlesa.cz\/\",\"sameAs\":[\"https:\/\/www.facebook.com\/kvetenaodlesa\",\"https:\/\/www.instagram.com\/kvetenaodlesa\/\"],\"logo\":{\"@type\":\"ImageObject\",\"@id\":\"https:\/\/www.kvetenaodlesa.cz\/#logo\",\"inLanguage\":\"cs\",\"url\":\"https:\/\/www.kvetenaodlesa.cz\/wp-content\/uploads\/2022\/04\/zahradni_floristicke_sluzby.png\",\"contentUrl\":\"https:\/\/www.kvetenaodlesa.cz\/wp-content\/uploads\/2022\/04\/zahradni_floristicke_sluzby.png\",\"width\":1500,\"height\":1500,\"caption\":\"Kv\u011btena od Lesa\"},\"image\":{\"@id\":\"https:\/\/www.kvetenaodlesa.cz\/#logo\"}},{\"@type\":\"WebSite\",\"@id\":\"https:\/\/www.kvetenaodlesa.cz\/#website\",\"url\":\"https:\/\/www.kvetenaodlesa.cz\/\",\"name\":\"Zahradn\u00ed a floristck\u00e9 slu\u017eby\",\"description\":\"Va\u0161e zahrada, na\u0161e v\u00e1\u0161e\u0148 - n\u00e1vrhy, realizace a \u00fadr\u017eba zahrad s l\u00e1skou k p\u0159\u00edrod\u011b. Jste z Prahy \u010di okol\u00ed? Ozv\u011bte se a u\u017e\u00edvejte si Va\u0161i zahradu a pr\u00e1ci nechte na n\u00e1s.\",\"publisher\":{\"@id\":\"https:\/\/www.kvetenaodlesa.cz\/#organization\"},\"potentialAction\":[{\"@type\":\"SearchAction\",\"target\":{\"@type\":\"EntryPoint\",\"urlTemplate\":\"https:\/\/www.kvetenaodlesa.cz\/?s={search_term_string}\"},\"query-input\":\"required name=search_term_string\"}],\"inLanguage\":\"cs\"},{\"@type\":\"WebPage\",\"@id\":\"https:\/\/www.kvetenaodlesa.cz\/?page_id=14#webpage\",\"url\":\"https:\/\/www.kvetenaodlesa.cz\/?page_id=14\",\"name\":\"Ko\u0161\u00edk - Zahradn\u00ed a floristck\u00e9 slu\u017eby\",\"isPartOf\":{\"@id\":\"https:\/\/www.kvetenaodlesa.cz\/#website\"},\"datePublished\":\"2021-10-18T22:14:33+00:00\",\"dateModified\":\"2021-10-18T22:14:33+00:00\",\"breadcrumb\":{\"@id\":\"https:\/\/www.kvetenaodlesa.cz\/?page_id=14#breadcrumb\"},\"inLanguage\":\"cs\",\"potentialAction\":[{\"@type\":\"ReadAction\",\"target\":[\"https:\/\/www.kvetenaodlesa.cz\/?page_id=14\"]}]},{\"@type\":\"BreadcrumbList\",\"@id\":\"https:\/\/www.kvetenaodlesa.cz\/?page_id=14#breadcrumb\",\"itemListElement\":[{\"@type\":\"ListItem\",\"position\":1,\"name\":\"Dom\u016f\",\"item\":\"https:\/\/www.kvetenaodlesa.cz\/\"},{\"@type\":\"ListItem\",\"position\":2,\"name\":\"Ko\u0161\u00edk\"}]}]}<\/script>\n<!-- \/ Yoast SEO plugin. -->","yoast_head_json":{"title":"Ko\u0161\u00edk - Zahradn\u00ed a floristck\u00e9 slu\u017eby","robots":{"index":"index","follow":"follow","max-snippet":"max-snippet:-1","max-image-preview":"max-image-preview:large","max-video-preview":"max-video-preview:-1"},"canonical":"https:\/\/www.kvetenaodlesa.cz\/?page_id=14","og_locale":"cs_CZ","og_type":"article","og_title":"Ko\u0161\u00edk - Zahradn\u00ed a floristck\u00e9 slu\u017eby","og_url":"https:\/\/www.kvetenaodlesa.cz\/?page_id=14","og_site_name":"Zahradn\u00ed a floristck\u00e9 slu\u017eby","article_publisher":"https:\/\/www.facebook.com\/kvetenaodlesa","twitter_card":"summary_large_image","schema":{"@context":"https:\/\/schema.org","@graph":[{"@type":"Organization","@id":"https:\/\/www.kvetenaodlesa.cz\/#organization","name":"Kv\u011btena od Lesa","url":"https:\/\/www.kvetenaodlesa.cz\/","sameAs":["https:\/\/www.facebook.com\/kvetenaodlesa","https:\/\/www.instagram.com\/kvetenaodlesa\/"],"logo":{"@type":"ImageObject","@id":"https:\/\/www.kvetenaodlesa.cz\/#logo","inLanguage":"cs","url":"https:\/\/www.kvetenaodlesa.cz\/wp-content\/uploads\/2022\/04\/zahradni_floristicke_sluzby.png","contentUrl":"https:\/\/www.kvetenaodlesa.cz\/wp-content\/uploads\/2022\/04\/zahradni_floristicke_sluzby.png","width":1500,"height":1500,"caption":"Kv\u011btena od Lesa"},"image":{"@id":"https:\/\/www.kvetenaodlesa.cz\/#logo"}},{"@type":"WebSite","@id":"https:\/\/www.kvetenaodlesa.cz\/#website","url":"https:\/\/www.kvetenaodlesa.cz\/","name":"Zahradn\u00ed a floristck\u00e9 slu\u017eby","description":"Va\u0161e zahrada, na\u0161e v\u00e1\u0161e\u0148 - n\u00e1vrhy, realizace a \u00fadr\u017eba zahrad s l\u00e1skou k p\u0159\u00edrod\u011b. Jste z Prahy \u010di okol\u00ed? Ozv\u011bte se a u\u017e\u00edvejte si Va\u0161i zahradu a pr\u00e1ci nechte na n\u00e1s.","publisher":{"@id":"https:\/\/www.kvetenaodlesa.cz\/#organization"},"potentialAction":[{"@type":"SearchAction","target":{"@type":"EntryPoint","urlTemplate":"https:\/\/www.kvetenaodlesa.cz\/?s={search_term_string}"},"query-input":"required name=search_term_string"}],"inLanguage":"cs"},{"@type":"WebPage","@id":"https:\/\/www.kvetenaodlesa.cz\/?page_id=14#webpage","url":"https:\/\/www.kvetenaodlesa.cz\/?page_id=14","name":"Ko\u0161\u00edk - Zahradn\u00ed a floristck\u00e9 slu\u017eby","isPartOf":{"@id":"https:\/\/www.kvetenaodlesa.cz\/#website"},"datePublished":"2021-10-18T22:14:33+00:00","dateModified":"2021-10-18T22:14:33+00:00","breadcrumb":{"@id":"https:\/\/www.kvetenaodlesa.cz\/?page_id=14#breadcrumb"},"inLanguage":"cs","potentialAction":[{"@type":"ReadAction","target":["https:\/\/www.kvetenaodlesa.cz\/?page_id=14"]}]},{"@type":"BreadcrumbList","@id":"https:\/\/www.kvetenaodlesa.cz\/?page_id=14#breadcrumb","itemListElement":[{"@type":"ListItem","position":1,"name":"Dom\u016f","item":"https:\/\/www.kvetenaodlesa.cz\/"},{"@type":"ListItem","position":2,"name":"Ko\u0161\u00edk"}]}]}},"_links":{"self":[{"href":"https:\/\/www.kvetenaodlesa.cz\/index.php?rest_route=\/wp\/v2\/pages\/14"}],"collection":[{"href":"https:\/\/www.kvetenaodlesa.cz\/index.php?rest_route=\/wp\/v2\/pages"}],"about":[{"href":"https:\/\/www.kvetenaodlesa.cz\/index.php?rest_route=\/wp\/v2\/types\/page"}],"author":[{"embeddable":true,"href":"https:\/\/www.kvetenaodlesa.cz\/index.php?rest_route=\/wp\/v2\/users\/1"}],"replies":[{"embeddable":true,"href":"https:\/\/www.kvetenaodlesa.cz\/index.php?rest_route=%2Fwp%2Fv2%2Fcomments&post=14"}],"version-history":[{"count":0,"href":"https:\/\/www.kvetenaodlesa.cz\/index.php?rest_route=\/wp\/v2\/pages\/14\/revisions"}],"wp:attachment":[{"href":"https:\/\/www.kvetenaodlesa.cz\/index.php?rest_route=%2Fwp%2Fv2%2Fmedia&parent=14"}],"curies":[{"name":"wp","href":"https:\/\/api.w.org\/{rel}","templated":true}]}}