{"id":3568,"date":"2022-02-07T12:10:36","date_gmt":"2022-02-07T11:10:36","guid":{"rendered":"https:\/\/kvetenaodlesa.cz\/?page_id=3568"},"modified":"2023-04-24T12:19:24","modified_gmt":"2023-04-24T10:19:24","slug":"sanov-realizace-zahrady","status":"publish","type":"page","link":"https:\/\/www.kvetenaodlesa.cz\/?page_id=3568","title":{"rendered":"\u0160anov"},"content":{"rendered":"\t\t<div data-elementor-type=\"wp-page\" data-elementor-id=\"3568\" class=\"elementor elementor-3568\" data-elementor-settings=\"[]\">\n\t\t\t\t\t\t\t<div class=\"elementor-section-wrap\">\n\t\t\t\t\t\t\t<section class=\"elementor-section elementor-top-section elementor-element elementor-element-0e1c53b elementor-section-boxed elementor-section-height-default elementor-section-height-default\" data-id=\"0e1c53b\" data-element_type=\"section\" data-settings=\"{&quot;jet_parallax_layout_list&quot;:[{&quot;jet_parallax_layout_image&quot;:{&quot;url&quot;:&quot;&quot;,&quot;id&quot;:&quot;&quot;},&quot;_id&quot;:&quot;7aa707d&quot;,&quot;jet_parallax_layout_image_tablet&quot;:{&quot;url&quot;:&quot;&quot;,&quot;id&quot;:&quot;&quot;},&quot;jet_parallax_layout_image_mobile&quot;:{&quot;url&quot;:&quot;&quot;,&quot;id&quot;:&quot;&quot;},&quot;jet_parallax_layout_speed&quot;:{&quot;unit&quot;:&quot;%&quot;,&quot;size&quot;:50,&quot;sizes&quot;:[]},&quot;jet_parallax_layout_type&quot;:&quot;scroll&quot;,&quot;jet_parallax_layout_direction&quot;:null,&quot;jet_parallax_layout_fx_direction&quot;:null,&quot;jet_parallax_layout_z_index&quot;:&quot;&quot;,&quot;jet_parallax_layout_bg_x&quot;:50,&quot;jet_parallax_layout_bg_x_tablet&quot;:&quot;&quot;,&quot;jet_parallax_layout_bg_x_mobile&quot;:&quot;&quot;,&quot;jet_parallax_layout_bg_y&quot;:50,&quot;jet_parallax_layout_bg_y_tablet&quot;:&quot;&quot;,&quot;jet_parallax_layout_bg_y_mobile&quot;:&quot;&quot;,&quot;jet_parallax_layout_bg_size&quot;:&quot;auto&quot;,&quot;jet_parallax_layout_bg_size_tablet&quot;:&quot;&quot;,&quot;jet_parallax_layout_bg_size_mobile&quot;:&quot;&quot;,&quot;jet_parallax_layout_animation_prop&quot;:&quot;transform&quot;,&quot;jet_parallax_layout_on&quot;:[&quot;desktop&quot;,&quot;tablet&quot;]}]}\">\n\t\t\t\t\t\t<div class=\"elementor-container elementor-column-gap-default\">\n\t\t\t\t\t<div class=\"elementor-column elementor-col-100 elementor-top-column elementor-element elementor-element-92d8ebe\" data-id=\"92d8ebe\" data-element_type=\"column\">\n\t\t\t<div class=\"elementor-widget-wrap elementor-element-populated\">\n\t\t\t\t\t\t\t\t<div class=\"elementor-element elementor-element-d5f1230 elementor-widget elementor-widget-text-editor\" data-id=\"d5f1230\" data-element_type=\"widget\" data-widget_type=\"text-editor.default\">\n\t\t\t\t<div class=\"elementor-widget-container\">\n\t\t\t<style>\/*! elementor - v3.5.5 - 03-02-2022 *\/\n.elementor-widget-text-editor.elementor-drop-cap-view-stacked .elementor-drop-cap{background-color:#818a91;color:#fff}.elementor-widget-text-editor.elementor-drop-cap-view-framed .elementor-drop-cap{color:#818a91;border:3px solid;background-color:transparent}.elementor-widget-text-editor:not(.elementor-drop-cap-view-default) .elementor-drop-cap{margin-top:8px}.elementor-widget-text-editor:not(.elementor-drop-cap-view-default) .elementor-drop-cap-letter{width:1em;height:1em}.elementor-widget-text-editor .elementor-drop-cap{float:left;text-align:center;line-height:1;font-size:50px}.elementor-widget-text-editor .elementor-drop-cap-letter{display:inline-block}<\/style>\t\t\t\t<p>\u0160anov je malebn\u00e1 vesni\u010dka, v kter\u00e9 se nach\u00e1z\u00ed b\u00fdval\u00fd d\u016fm, dalo by se \u0159\u00edct \u017ee p\u016fvodn\u011b chalupa, kter\u00e1 pro\u0161la velmi kr\u00e1snou rekonstrukc\u00ed. Na tu navazuje rekonstrukce okoln\u00edch prostor\u016f pod svahem, kv\u016fli kter\u00e9mu jsem se v t\u00e9to lokalit\u011b objevily my. Takto p\u0159\u00edkr\u00e9 svahy je \u017e\u00e1douc\u00ed vy\u0159e\u0161it protierozn\u00edmi opat\u0159en\u00edmi a jeden z ne\u010dast\u011bj\u0161\u00edch zp\u016fsob\u016f, jak zajisti svah proti skluzu, je os\u00e1zen\u00ed rostlinami. Samoz\u0159ejm\u011b zde plat\u00ed n\u011bjak\u00e1 pravidla a n\u011bkdy je pot\u0159eba opat\u0159en\u00ed kombinovat s r\u016fzn\u00fdmi prvky. Ale to u\u017e je v\u017edy na individu\u00e1ln\u00edm zv\u00e1\u017een\u00ed.<\/p>\n<p>P\u0159ed samotn\u00fdm os\u00e1zen\u00edm jsem se s mlad\u00fdm p\u00e1rem 2x se\u0161la (prvn\u00ed konzultace, n\u00e1vrhy, druh\u00e1 konzultace, fin\u00e1ln\u00ed n\u00e1vrh) a probrali jsme, co bylo pot\u0159eba. Z n\u00e1v\u0161t\u011bv a ob\u010dasn\u00e9 korespondence vyplynul fin\u00e1ln\u00ed n\u00e1vrh, kter\u00fdm jsme se p\u0159i s\u00e1zen\u00ed \u0159\u00eddili. Je\u0161t\u011b bych m\u011bla dodat, \u017ee p\u0159ed samotn\u00fdm proveden\u00edm v\u00fdsadby si p\u00e1r pe\u010dliv\u011b p\u0159ipravil svah, upevnil s\u00edt\u011b a od prvn\u00edho bagrov\u00e1n\u00ed ub\u011bhl n\u011bjak\u00fd \u010das (mohli jsme vydedukovat, jak se povrch chov\u00e1).<\/p>\n<p>\u00a0<\/p>\n<p><strong>Tak, kone\u010dn\u011b k samotn\u00e9 v\u00fdsadb\u011b &#8230;<\/strong><\/p>\n<p>Po\u017eadavky zn\u011bli jasn\u011b, kr\u00e1sa snouben\u00e1 s prakti\u010dnost\u00ed, n\u00edzkou n\u00e1ro\u010dnost\u00ed na \u00fadr\u017ebu a n\u011bjak\u00e1 ta jedl\u00e1 bobule nav\u00edc pro ratolest (a naopak ty nejedl\u00e9 nenavrhovat). Hlavn\u00ed svah je os\u00e1zen\u00fd kvetouc\u00edmi i st\u00e1lezelen\u00fdmi ke\u0159i a trvalkami, kter\u00e9 nejsou n\u00e1ro\u010dn\u00e9 a vydr\u017e\u00ed kde co. Po okraj\u00edch schodi\u0161t\u011b se v budoucnu budou py\u0161n\u011b dmout vysok\u00e9 traviny, n\u00edzk\u00e9 traviny pro kontrast najdete i po r\u016fznu ve v\u00fdsadb\u011b. Horn\u00ed okraje lemuj\u00ed jedl\u00e9 bobule spole\u010dn\u011b s kvetouc\u00edmi ke\u0159i i s podzimn\u00edm efektem. Ten nalezneme i na jin\u00fdch m\u00edstech ve v\u00fdsadb\u011b. Os\u00e1zen\u00ed svahu jsme zrealizovali na podzim, d\u00edky \u010demu\u017e m\u011bli a maj\u00ed rostliny dostatek \u010dasu na zako\u0159en\u011bn\u00ed p\u0159ed letn\u00edmi teplotami v dal\u0161\u00ed sez\u00f3n\u011b a majitel\u00e9 nemusej\u00ed novou v\u00fdsadbu tolik zal\u00e9vat a o pe\u010dov\u00e1vat.<\/p>\n<p>N\u00e1sledn\u00e1 po v\u00fdsadbov\u00e1 p\u00e9\u010de je toti\u017e pro v\u0161echny v\u00fdsadby ta nejd\u016fle\u017eit\u011bj\u0161\u00ed a spole\u010dn\u011b s pe\u010dlivou p\u0159\u00edpravou sadby a samotn\u00e9ho s\u00e1zen\u00ed (a\u0165 to stoj\u00ed co to stoj\u00ed &#8211; n\u011bkdy i p\u00e1r vrt\u00e1k\u016f) je to skoro cel\u00fd recept na \u017eivotaschopn\u00fd divok\u00fd svah.<\/p>\n<p>U\u017e se moc t\u011b\u0161\u00edm, a\u017e uvid\u00edm, jak v\u00fdsadba roste. V budoucnu se ji stav\u00edm ob\u010das &#8222;po\u010dechrat&#8220; n\u016f\u017ekami, doplnit n\u011bjak\u00e9 ty \u017eiviny a zkontrolovat stav rostlin.<\/p>\t\t\t\t\t\t<\/div>\n\t\t\t\t<\/div>\n\t\t\t\t\t<\/div>\n\t\t<\/div>\n\t\t\t\t\t\t\t<\/div>\n\t\t<\/section>\n\t\t\t\t<section class=\"elementor-section elementor-top-section elementor-element elementor-element-44ac8c4f elementor-section-boxed elementor-section-height-default elementor-section-height-default\" data-id=\"44ac8c4f\" data-element_type=\"section\" data-settings=\"{&quot;jet_parallax_layout_list&quot;:[{&quot;jet_parallax_layout_image&quot;:{&quot;url&quot;:&quot;&quot;,&quot;id&quot;:&quot;&quot;},&quot;_id&quot;:&quot;573a176&quot;,&quot;jet_parallax_layout_image_tablet&quot;:{&quot;url&quot;:&quot;&quot;,&quot;id&quot;:&quot;&quot;},&quot;jet_parallax_layout_image_mobile&quot;:{&quot;url&quot;:&quot;&quot;,&quot;id&quot;:&quot;&quot;},&quot;jet_parallax_layout_speed&quot;:{&quot;unit&quot;:&quot;%&quot;,&quot;size&quot;:50,&quot;sizes&quot;:[]},&quot;jet_parallax_layout_type&quot;:&quot;scroll&quot;,&quot;jet_parallax_layout_direction&quot;:null,&quot;jet_parallax_layout_fx_direction&quot;:null,&quot;jet_parallax_layout_z_index&quot;:&quot;&quot;,&quot;jet_parallax_layout_bg_x&quot;:50,&quot;jet_parallax_layout_bg_x_tablet&quot;:&quot;&quot;,&quot;jet_parallax_layout_bg_x_mobile&quot;:&quot;&quot;,&quot;jet_parallax_layout_bg_y&quot;:50,&quot;jet_parallax_layout_bg_y_tablet&quot;:&quot;&quot;,&quot;jet_parallax_layout_bg_y_mobile&quot;:&quot;&quot;,&quot;jet_parallax_layout_bg_size&quot;:&quot;auto&quot;,&quot;jet_parallax_layout_bg_size_tablet&quot;:&quot;&quot;,&quot;jet_parallax_layout_bg_size_mobile&quot;:&quot;&quot;,&quot;jet_parallax_layout_animation_prop&quot;:&quot;transform&quot;,&quot;jet_parallax_layout_on&quot;:[&quot;desktop&quot;,&quot;tablet&quot;]}]}\">\n\t\t\t\t\t\t<div class=\"elementor-container elementor-column-gap-default\">\n\t\t\t\t\t<div class=\"elementor-column elementor-col-100 elementor-top-column elementor-element elementor-element-6c47d019\" data-id=\"6c47d019\" data-element_type=\"column\">\n\t\t\t<div class=\"elementor-widget-wrap elementor-element-populated\">\n\t\t\t\t\t\t\t\t<div class=\"elementor-element elementor-element-5dcde6 elementor-widget elementor-widget-text-editor\" data-id=\"5dcde6\" data-element_type=\"widget\" data-widget_type=\"text-editor.default\">\n\t\t\t\t<div class=\"elementor-widget-container\">\n\t\t\t\t\t\t\t<!-- wp:gallery {\"ids\":[3579,3580,3581,3582,3583,3584,3585,3586,3587,3588],\"linkTo\":\"none\"} -->\n<figure class=\"wp-block-gallery columns-3 is-cropped\">\n<ul class=\"blocks-gallery-grid\">\n<li class=\"blocks-gallery-item\">\n<figure><img loading=\"lazy\" width=\"675\" height=\"844\" class=\"wp-image-3579\" src=\"https:\/\/kvetenaodlesa.cz\/wp-content\/uploads\/2022\/02\/1-4.jpg\" alt=\"\" data-id=\"3579\" data-link=\"https:\/\/kvetenaodlesa.cz\/?attachment_id=3579\" \/><\/figure>\n<\/li>\n<li class=\"blocks-gallery-item\">\n<figure><img loading=\"lazy\" width=\"675\" height=\"844\" class=\"wp-image-3580\" src=\"https:\/\/kvetenaodlesa.cz\/wp-content\/uploads\/2022\/02\/2-4.jpg\" alt=\"\" data-id=\"3580\" data-link=\"https:\/\/kvetenaodlesa.cz\/?attachment_id=3580\" \/><\/figure>\n<\/li>\n<li class=\"blocks-gallery-item\">\n<figure><img loading=\"lazy\" width=\"675\" height=\"844\" class=\"wp-image-3581\" src=\"https:\/\/kvetenaodlesa.cz\/wp-content\/uploads\/2022\/02\/3-4.jpg\" alt=\"\" data-id=\"3581\" data-link=\"https:\/\/kvetenaodlesa.cz\/?attachment_id=3581\" \/><\/figure>\n<\/li>\n<li class=\"blocks-gallery-item\">\n<figure><img loading=\"lazy\" width=\"675\" height=\"844\" class=\"wp-image-3582\" src=\"https:\/\/kvetenaodlesa.cz\/wp-content\/uploads\/2022\/02\/6-4.jpg\" alt=\"\" data-id=\"3582\" data-link=\"https:\/\/kvetenaodlesa.cz\/?attachment_id=3582\" \/><\/figure>\n<\/li>\n<li class=\"blocks-gallery-item\">\n<figure><img loading=\"lazy\" width=\"675\" height=\"844\" class=\"wp-image-3583\" src=\"https:\/\/kvetenaodlesa.cz\/wp-content\/uploads\/2022\/02\/7-4.jpg\" alt=\"\" data-id=\"3583\" data-link=\"https:\/\/kvetenaodlesa.cz\/?attachment_id=3583\" \/><\/figure>\n<\/li>\n<li class=\"blocks-gallery-item\">\n<figure><img loading=\"lazy\" width=\"675\" height=\"844\" class=\"wp-image-3584\" src=\"https:\/\/kvetenaodlesa.cz\/wp-content\/uploads\/2022\/02\/8-4.jpg\" alt=\"\" data-id=\"3584\" data-link=\"https:\/\/kvetenaodlesa.cz\/?attachment_id=3584\" \/><\/figure>\n<\/li>\n<li class=\"blocks-gallery-item\">\n<figure><img loading=\"lazy\" width=\"675\" height=\"844\" class=\"wp-image-3585\" src=\"https:\/\/kvetenaodlesa.cz\/wp-content\/uploads\/2022\/02\/9-3.jpg\" alt=\"\" data-id=\"3585\" data-link=\"https:\/\/kvetenaodlesa.cz\/?attachment_id=3585\" \/><\/figure>\n<\/li>\n<li class=\"blocks-gallery-item\">\n<figure><img loading=\"lazy\" width=\"800\" height=\"1088\" class=\"wp-image-3586\" src=\"https:\/\/kvetenaodlesa.cz\/wp-content\/uploads\/2022\/02\/10-4.jpg\" alt=\"\" data-id=\"3586\" data-link=\"https:\/\/kvetenaodlesa.cz\/?attachment_id=3586\" \/><\/figure>\n<\/li>\n<li class=\"blocks-gallery-item\">\n<figure><img loading=\"lazy\" width=\"1920\" height=\"1080\" class=\"wp-image-3588\" src=\"https:\/\/kvetenaodlesa.cz\/wp-content\/uploads\/2022\/02\/242998796_615833429790705_2757675836982340310_n-2.jpg\" alt=\"\" data-id=\"3588\" data-link=\"https:\/\/kvetenaodlesa.cz\/?attachment_id=3588\" \/><\/figure>\n<\/li>\n<\/ul>\n<\/figure>\n<!-- \/wp:gallery -->\t\t\t\t\t\t<\/div>\n\t\t\t\t<\/div>\n\t\t\t\t\t<\/div>\n\t\t<\/div>\n\t\t\t\t\t\t\t<\/div>\n\t\t<\/section>\n\t\t\t\t<section class=\"elementor-section elementor-top-section elementor-element elementor-element-a6d70cb elementor-section-boxed elementor-section-height-default elementor-section-height-default\" data-id=\"a6d70cb\" data-element_type=\"section\" data-settings=\"{&quot;jet_parallax_layout_list&quot;:[{&quot;jet_parallax_layout_image&quot;:{&quot;url&quot;:&quot;&quot;,&quot;id&quot;:&quot;&quot;},&quot;_id&quot;:&quot;1d27279&quot;,&quot;jet_parallax_layout_image_tablet&quot;:{&quot;url&quot;:&quot;&quot;,&quot;id&quot;:&quot;&quot;},&quot;jet_parallax_layout_image_mobile&quot;:{&quot;url&quot;:&quot;&quot;,&quot;id&quot;:&quot;&quot;},&quot;jet_parallax_layout_speed&quot;:{&quot;unit&quot;:&quot;%&quot;,&quot;size&quot;:50,&quot;sizes&quot;:[]},&quot;jet_parallax_layout_type&quot;:&quot;scroll&quot;,&quot;jet_parallax_layout_direction&quot;:null,&quot;jet_parallax_layout_fx_direction&quot;:null,&quot;jet_parallax_layout_z_index&quot;:&quot;&quot;,&quot;jet_parallax_layout_bg_x&quot;:50,&quot;jet_parallax_layout_bg_x_tablet&quot;:&quot;&quot;,&quot;jet_parallax_layout_bg_x_mobile&quot;:&quot;&quot;,&quot;jet_parallax_layout_bg_y&quot;:50,&quot;jet_parallax_layout_bg_y_tablet&quot;:&quot;&quot;,&quot;jet_parallax_layout_bg_y_mobile&quot;:&quot;&quot;,&quot;jet_parallax_layout_bg_size&quot;:&quot;auto&quot;,&quot;jet_parallax_layout_bg_size_tablet&quot;:&quot;&quot;,&quot;jet_parallax_layout_bg_size_mobile&quot;:&quot;&quot;,&quot;jet_parallax_layout_animation_prop&quot;:&quot;transform&quot;,&quot;jet_parallax_layout_on&quot;:[&quot;desktop&quot;,&quot;tablet&quot;]}]}\">\n\t\t\t\t\t\t<div class=\"elementor-container elementor-column-gap-default\">\n\t\t\t\t\t<div class=\"elementor-column elementor-col-100 elementor-top-column elementor-element elementor-element-4168e9f\" data-id=\"4168e9f\" data-element_type=\"column\">\n\t\t\t<div class=\"elementor-widget-wrap elementor-element-populated\">\n\t\t\t\t\t\t\t\t<div class=\"elementor-element elementor-element-36db90b elementor-widget elementor-widget-text-editor\" data-id=\"36db90b\" data-element_type=\"widget\" data-widget_type=\"text-editor.default\">\n\t\t\t\t<div class=\"elementor-widget-container\">\n\t\t\t\t\t\t\t<p><strong>Takto vypadalo m\u00edsto p\u0159ed samotn\u00fdm pl\u00e1nov\u00e1n\u00edm v\u00fdsadby, ale ji\u017e se zpevn\u011bn\u00fdm povrchem okolo.<\/strong><\/p>\t\t\t\t\t\t<\/div>\n\t\t\t\t<\/div>\n\t\t\t\t<div class=\"elementor-element elementor-element-9097339 elementor-widget elementor-widget-image\" data-id=\"9097339\" data-element_type=\"widget\" data-widget_type=\"image.default\">\n\t\t\t\t<div class=\"elementor-widget-container\">\n\t\t\t<style>\/*! elementor - v3.5.5 - 03-02-2022 *\/\n.elementor-widget-image{text-align:center}.elementor-widget-image a{display:inline-block}.elementor-widget-image a img[src$=\".svg\"]{width:48px}.elementor-widget-image img{vertical-align:middle;display:inline-block}<\/style>\t\t\t\t\t\t\t\t\t\t\t\t<img width=\"338\" height=\"450\" src=\"https:\/\/www.kvetenaodlesa.cz\/wp-content\/uploads\/2022\/02\/201173770_265990848619299_2959325909458652479_n-4.jpg\" class=\"attachment-kava-thumb-m-2 size-kava-thumb-m-2\" alt=\"\" loading=\"lazy\" \/>\t\t\t\t\t\t\t\t\t\t\t\t\t\t\t<\/div>\n\t\t\t\t<\/div>\n\t\t\t\t\t<\/div>\n\t\t<\/div>\n\t\t\t\t\t\t\t<\/div>\n\t\t<\/section>\n\t\t\t\t\t\t<\/div>\n\t\t\t\t\t<\/div>\n\t\t","protected":false},"excerpt":{"rendered":"<p>\u0160anov je malebn\u00e1 vesni\u010dka, v kter\u00e9 se nach\u00e1z\u00ed b\u00fdval\u00fd d\u016fm, dalo by se \u0159\u00edct \u017ee p\u016fvodn\u011b chalupa, kter\u00e1 pro\u0161la velmi kr\u00e1snou rekonstrukc\u00ed. Na tu navazuje rekonstrukce okoln\u00edch prostor\u016f pod svahem, kv\u016fli kter\u00e9mu jsem se v t\u00e9to lokalit\u011b objevily my. Takto p\u0159\u00edkr\u00e9 svahy je \u017e\u00e1douc\u00ed vy\u0159e\u0161it protierozn\u00edmi opat\u0159en\u00edmi a jeden z ne\u010dast\u011bj\u0161\u00edch zp\u016fsob\u016f, jak zajisti svah [&hellip;]<\/p>\n","protected":false},"author":1,"featured_media":0,"parent":0,"menu_order":0,"comment_status":"closed","ping_status":"closed","template":"","meta":{"ngg_post_thumbnail":0},"yoast_head":"<!-- This site is optimized with the Yoast SEO plugin v18.2 - https:\/\/yoast.com\/wordpress\/plugins\/seo\/ -->\n<title>\u0160anov - Zahradn\u00ed a floristck\u00e9 slu\u017eby<\/title>\n<meta name=\"robots\" content=\"index, follow, max-snippet:-1, max-image-preview:large, max-video-preview:-1\" \/>\n<link rel=\"canonical\" href=\"https:\/\/www.kvetenaodlesa.cz\/?page_id=3568\" \/>\n<meta property=\"og:locale\" content=\"cs_CZ\" \/>\n<meta property=\"og:type\" content=\"article\" \/>\n<meta property=\"og:title\" content=\"\u0160anov - Zahradn\u00ed a floristck\u00e9 slu\u017eby\" \/>\n<meta property=\"og:description\" content=\"\u0160anov je malebn\u00e1 vesni\u010dka, v kter\u00e9 se nach\u00e1z\u00ed b\u00fdval\u00fd d\u016fm, dalo by se \u0159\u00edct \u017ee p\u016fvodn\u011b chalupa, kter\u00e1 pro\u0161la velmi kr\u00e1snou rekonstrukc\u00ed. Na tu navazuje rekonstrukce okoln\u00edch prostor\u016f pod svahem, kv\u016fli kter\u00e9mu jsem se v t\u00e9to lokalit\u011b objevily my. Takto p\u0159\u00edkr\u00e9 svahy je \u017e\u00e1douc\u00ed vy\u0159e\u0161it protierozn\u00edmi opat\u0159en\u00edmi a jeden z ne\u010dast\u011bj\u0161\u00edch zp\u016fsob\u016f, jak zajisti svah [&hellip;]\" \/>\n<meta property=\"og:url\" content=\"https:\/\/www.kvetenaodlesa.cz\/?page_id=3568\" \/>\n<meta property=\"og:site_name\" content=\"Zahradn\u00ed a floristck\u00e9 slu\u017eby\" \/>\n<meta property=\"article:publisher\" content=\"https:\/\/www.facebook.com\/kvetenaodlesa\" \/>\n<meta property=\"article:modified_time\" content=\"2023-04-24T10:19:24+00:00\" \/>\n<meta property=\"og:image\" content=\"https:\/\/kvetenaodlesa.cz\/wp-content\/uploads\/2022\/02\/1-4.jpg\" \/>\n<meta name=\"twitter:card\" content=\"summary_large_image\" \/>\n<meta name=\"twitter:label1\" content=\"Odhadovan\u00e1 doba \u010dten\u00ed\" \/>\n\t<meta name=\"twitter:data1\" content=\"2 minuty\" \/>\n<script type=\"application\/ld+json\" class=\"yoast-schema-graph\">{\"@context\":\"https:\/\/schema.org\",\"@graph\":[{\"@type\":\"Organization\",\"@id\":\"https:\/\/www.kvetenaodlesa.cz\/#organization\",\"name\":\"Kv\u011btena od Lesa\",\"url\":\"https:\/\/www.kvetenaodlesa.cz\/\",\"sameAs\":[\"https:\/\/www.facebook.com\/kvetenaodlesa\",\"https:\/\/www.instagram.com\/kvetenaodlesa\/\"],\"logo\":{\"@type\":\"ImageObject\",\"@id\":\"https:\/\/www.kvetenaodlesa.cz\/#logo\",\"inLanguage\":\"cs\",\"url\":\"https:\/\/www.kvetenaodlesa.cz\/wp-content\/uploads\/2022\/04\/zahradni_floristicke_sluzby.png\",\"contentUrl\":\"https:\/\/www.kvetenaodlesa.cz\/wp-content\/uploads\/2022\/04\/zahradni_floristicke_sluzby.png\",\"width\":1500,\"height\":1500,\"caption\":\"Kv\u011btena od Lesa\"},\"image\":{\"@id\":\"https:\/\/www.kvetenaodlesa.cz\/#logo\"}},{\"@type\":\"WebSite\",\"@id\":\"https:\/\/www.kvetenaodlesa.cz\/#website\",\"url\":\"https:\/\/www.kvetenaodlesa.cz\/\",\"name\":\"Zahradn\u00ed a floristck\u00e9 slu\u017eby\",\"description\":\"Va\u0161e zahrada, na\u0161e v\u00e1\u0161e\u0148 - n\u00e1vrhy, realizace a \u00fadr\u017eba zahrad s l\u00e1skou k p\u0159\u00edrod\u011b. Jste z Prahy \u010di okol\u00ed? Ozv\u011bte se a u\u017e\u00edvejte si Va\u0161i zahradu a pr\u00e1ci nechte na n\u00e1s.\",\"publisher\":{\"@id\":\"https:\/\/www.kvetenaodlesa.cz\/#organization\"},\"potentialAction\":[{\"@type\":\"SearchAction\",\"target\":{\"@type\":\"EntryPoint\",\"urlTemplate\":\"https:\/\/www.kvetenaodlesa.cz\/?s={search_term_string}\"},\"query-input\":\"required name=search_term_string\"}],\"inLanguage\":\"cs\"},{\"@type\":\"ImageObject\",\"@id\":\"https:\/\/www.kvetenaodlesa.cz\/?page_id=3568#primaryimage\",\"inLanguage\":\"cs\",\"url\":\"https:\/\/kvetenaodlesa.cz\/wp-content\/uploads\/2022\/02\/1-4.jpg\",\"contentUrl\":\"https:\/\/kvetenaodlesa.cz\/wp-content\/uploads\/2022\/02\/1-4.jpg\"},{\"@type\":\"WebPage\",\"@id\":\"https:\/\/www.kvetenaodlesa.cz\/?page_id=3568#webpage\",\"url\":\"https:\/\/www.kvetenaodlesa.cz\/?page_id=3568\",\"name\":\"\u0160anov - Zahradn\u00ed a floristck\u00e9 slu\u017eby\",\"isPartOf\":{\"@id\":\"https:\/\/www.kvetenaodlesa.cz\/#website\"},\"primaryImageOfPage\":{\"@id\":\"https:\/\/www.kvetenaodlesa.cz\/?page_id=3568#primaryimage\"},\"datePublished\":\"2022-02-07T11:10:36+00:00\",\"dateModified\":\"2023-04-24T10:19:24+00:00\",\"breadcrumb\":{\"@id\":\"https:\/\/www.kvetenaodlesa.cz\/?page_id=3568#breadcrumb\"},\"inLanguage\":\"cs\",\"potentialAction\":[{\"@type\":\"ReadAction\",\"target\":[\"https:\/\/www.kvetenaodlesa.cz\/?page_id=3568\"]}]},{\"@type\":\"BreadcrumbList\",\"@id\":\"https:\/\/www.kvetenaodlesa.cz\/?page_id=3568#breadcrumb\",\"itemListElement\":[{\"@type\":\"ListItem\",\"position\":1,\"name\":\"Dom\u016f\",\"item\":\"https:\/\/www.kvetenaodlesa.cz\/\"},{\"@type\":\"ListItem\",\"position\":2,\"name\":\"\u0160anov\"}]}]}<\/script>\n<!-- \/ Yoast SEO plugin. -->","yoast_head_json":{"title":"\u0160anov - Zahradn\u00ed a floristck\u00e9 slu\u017eby","robots":{"index":"index","follow":"follow","max-snippet":"max-snippet:-1","max-image-preview":"max-image-preview:large","max-video-preview":"max-video-preview:-1"},"canonical":"https:\/\/www.kvetenaodlesa.cz\/?page_id=3568","og_locale":"cs_CZ","og_type":"article","og_title":"\u0160anov - Zahradn\u00ed a floristck\u00e9 slu\u017eby","og_description":"\u0160anov je malebn\u00e1 vesni\u010dka, v kter\u00e9 se nach\u00e1z\u00ed b\u00fdval\u00fd d\u016fm, dalo by se \u0159\u00edct \u017ee p\u016fvodn\u011b chalupa, kter\u00e1 pro\u0161la velmi kr\u00e1snou rekonstrukc\u00ed. Na tu navazuje rekonstrukce okoln\u00edch prostor\u016f pod svahem, kv\u016fli kter\u00e9mu jsem se v t\u00e9to lokalit\u011b objevily my. Takto p\u0159\u00edkr\u00e9 svahy je \u017e\u00e1douc\u00ed vy\u0159e\u0161it protierozn\u00edmi opat\u0159en\u00edmi a jeden z ne\u010dast\u011bj\u0161\u00edch zp\u016fsob\u016f, jak zajisti svah [&hellip;]","og_url":"https:\/\/www.kvetenaodlesa.cz\/?page_id=3568","og_site_name":"Zahradn\u00ed a floristck\u00e9 slu\u017eby","article_publisher":"https:\/\/www.facebook.com\/kvetenaodlesa","article_modified_time":"2023-04-24T10:19:24+00:00","og_image":[{"url":"https:\/\/kvetenaodlesa.cz\/wp-content\/uploads\/2022\/02\/1-4.jpg"}],"twitter_card":"summary_large_image","twitter_misc":{"Odhadovan\u00e1 doba \u010dten\u00ed":"2 minuty"},"schema":{"@context":"https:\/\/schema.org","@graph":[{"@type":"Organization","@id":"https:\/\/www.kvetenaodlesa.cz\/#organization","name":"Kv\u011btena od Lesa","url":"https:\/\/www.kvetenaodlesa.cz\/","sameAs":["https:\/\/www.facebook.com\/kvetenaodlesa","https:\/\/www.instagram.com\/kvetenaodlesa\/"],"logo":{"@type":"ImageObject","@id":"https:\/\/www.kvetenaodlesa.cz\/#logo","inLanguage":"cs","url":"https:\/\/www.kvetenaodlesa.cz\/wp-content\/uploads\/2022\/04\/zahradni_floristicke_sluzby.png","contentUrl":"https:\/\/www.kvetenaodlesa.cz\/wp-content\/uploads\/2022\/04\/zahradni_floristicke_sluzby.png","width":1500,"height":1500,"caption":"Kv\u011btena od Lesa"},"image":{"@id":"https:\/\/www.kvetenaodlesa.cz\/#logo"}},{"@type":"WebSite","@id":"https:\/\/www.kvetenaodlesa.cz\/#website","url":"https:\/\/www.kvetenaodlesa.cz\/","name":"Zahradn\u00ed a floristck\u00e9 slu\u017eby","description":"Va\u0161e zahrada, na\u0161e v\u00e1\u0161e\u0148 - n\u00e1vrhy, realizace a \u00fadr\u017eba zahrad s l\u00e1skou k p\u0159\u00edrod\u011b. Jste z Prahy \u010di okol\u00ed? Ozv\u011bte se a u\u017e\u00edvejte si Va\u0161i zahradu a pr\u00e1ci nechte na n\u00e1s.","publisher":{"@id":"https:\/\/www.kvetenaodlesa.cz\/#organization"},"potentialAction":[{"@type":"SearchAction","target":{"@type":"EntryPoint","urlTemplate":"https:\/\/www.kvetenaodlesa.cz\/?s={search_term_string}"},"query-input":"required name=search_term_string"}],"inLanguage":"cs"},{"@type":"ImageObject","@id":"https:\/\/www.kvetenaodlesa.cz\/?page_id=3568#primaryimage","inLanguage":"cs","url":"https:\/\/kvetenaodlesa.cz\/wp-content\/uploads\/2022\/02\/1-4.jpg","contentUrl":"https:\/\/kvetenaodlesa.cz\/wp-content\/uploads\/2022\/02\/1-4.jpg"},{"@type":"WebPage","@id":"https:\/\/www.kvetenaodlesa.cz\/?page_id=3568#webpage","url":"https:\/\/www.kvetenaodlesa.cz\/?page_id=3568","name":"\u0160anov - Zahradn\u00ed a floristck\u00e9 slu\u017eby","isPartOf":{"@id":"https:\/\/www.kvetenaodlesa.cz\/#website"},"primaryImageOfPage":{"@id":"https:\/\/www.kvetenaodlesa.cz\/?page_id=3568#primaryimage"},"datePublished":"2022-02-07T11:10:36+00:00","dateModified":"2023-04-24T10:19:24+00:00","breadcrumb":{"@id":"https:\/\/www.kvetenaodlesa.cz\/?page_id=3568#breadcrumb"},"inLanguage":"cs","potentialAction":[{"@type":"ReadAction","target":["https:\/\/www.kvetenaodlesa.cz\/?page_id=3568"]}]},{"@type":"BreadcrumbList","@id":"https:\/\/www.kvetenaodlesa.cz\/?page_id=3568#breadcrumb","itemListElement":[{"@type":"ListItem","position":1,"name":"Dom\u016f","item":"https:\/\/www.kvetenaodlesa.cz\/"},{"@type":"ListItem","position":2,"name":"\u0160anov"}]}]}},"_links":{"self":[{"href":"https:\/\/www.kvetenaodlesa.cz\/index.php?rest_route=\/wp\/v2\/pages\/3568"}],"collection":[{"href":"https:\/\/www.kvetenaodlesa.cz\/index.php?rest_route=\/wp\/v2\/pages"}],"about":[{"href":"https:\/\/www.kvetenaodlesa.cz\/index.php?rest_route=\/wp\/v2\/types\/page"}],"author":[{"embeddable":true,"href":"https:\/\/www.kvetenaodlesa.cz\/index.php?rest_route=\/wp\/v2\/users\/1"}],"replies":[{"embeddable":true,"href":"https:\/\/www.kvetenaodlesa.cz\/index.php?rest_route=%2Fwp%2Fv2%2Fcomments&post=3568"}],"version-history":[{"count":18,"href":"https:\/\/www.kvetenaodlesa.cz\/index.php?rest_route=\/wp\/v2\/pages\/3568\/revisions"}],"predecessor-version":[{"id":3699,"href":"https:\/\/www.kvetenaodlesa.cz\/index.php?rest_route=\/wp\/v2\/pages\/3568\/revisions\/3699"}],"wp:attachment":[{"href":"https:\/\/www.kvetenaodlesa.cz\/index.php?rest_route=%2Fwp%2Fv2%2Fmedia&parent=3568"}],"curies":[{"name":"wp","href":"https:\/\/api.w.org\/{rel}","templated":true}]}}