{"id":3613,"date":"2022-02-07T13:53:37","date_gmt":"2022-02-07T12:53:37","guid":{"rendered":"https:\/\/kvetenaodlesa.cz\/?page_id=3613"},"modified":"2022-02-07T14:00:16","modified_gmt":"2022-02-07T13:00:16","slug":"udrzba-zahrad","status":"publish","type":"page","link":"https:\/\/www.kvetenaodlesa.cz\/?page_id=3613","title":{"rendered":"\u00dadr\u017eba zahrad"},"content":{"rendered":"\t\t<div data-elementor-type=\"wp-page\" data-elementor-id=\"3613\" class=\"elementor elementor-3613\" data-elementor-settings=\"[]\">\n\t\t\t\t\t\t\t<div class=\"elementor-section-wrap\">\n\t\t\t\t\t\t\t<section class=\"elementor-section elementor-top-section elementor-element elementor-element-2b76592a elementor-section-boxed elementor-section-height-default elementor-section-height-default\" data-id=\"2b76592a\" data-element_type=\"section\" data-settings=\"{&quot;jet_parallax_layout_list&quot;:[{&quot;jet_parallax_layout_image&quot;:{&quot;url&quot;:&quot;&quot;,&quot;id&quot;:&quot;&quot;},&quot;_id&quot;:&quot;8785186&quot;,&quot;jet_parallax_layout_image_tablet&quot;:{&quot;url&quot;:&quot;&quot;,&quot;id&quot;:&quot;&quot;},&quot;jet_parallax_layout_image_mobile&quot;:{&quot;url&quot;:&quot;&quot;,&quot;id&quot;:&quot;&quot;},&quot;jet_parallax_layout_speed&quot;:{&quot;unit&quot;:&quot;%&quot;,&quot;size&quot;:50,&quot;sizes&quot;:[]},&quot;jet_parallax_layout_type&quot;:&quot;scroll&quot;,&quot;jet_parallax_layout_direction&quot;:null,&quot;jet_parallax_layout_fx_direction&quot;:null,&quot;jet_parallax_layout_z_index&quot;:&quot;&quot;,&quot;jet_parallax_layout_bg_x&quot;:50,&quot;jet_parallax_layout_bg_x_tablet&quot;:&quot;&quot;,&quot;jet_parallax_layout_bg_x_mobile&quot;:&quot;&quot;,&quot;jet_parallax_layout_bg_y&quot;:50,&quot;jet_parallax_layout_bg_y_tablet&quot;:&quot;&quot;,&quot;jet_parallax_layout_bg_y_mobile&quot;:&quot;&quot;,&quot;jet_parallax_layout_bg_size&quot;:&quot;auto&quot;,&quot;jet_parallax_layout_bg_size_tablet&quot;:&quot;&quot;,&quot;jet_parallax_layout_bg_size_mobile&quot;:&quot;&quot;,&quot;jet_parallax_layout_animation_prop&quot;:&quot;transform&quot;,&quot;jet_parallax_layout_on&quot;:[&quot;desktop&quot;,&quot;tablet&quot;]}]}\">\n\t\t\t\t\t\t<div class=\"elementor-container elementor-column-gap-default\">\n\t\t\t\t\t<div class=\"elementor-column elementor-col-100 elementor-top-column elementor-element elementor-element-7d975ba\" data-id=\"7d975ba\" data-element_type=\"column\">\n\t\t\t<div class=\"elementor-widget-wrap elementor-element-populated\">\n\t\t\t\t\t\t\t\t<div class=\"elementor-element elementor-element-b336145 elementor-widget elementor-widget-text-editor\" data-id=\"b336145\" data-element_type=\"widget\" data-widget_type=\"text-editor.default\">\n\t\t\t\t<div class=\"elementor-widget-container\">\n\t\t\t<style>\/*! elementor - v3.5.5 - 03-02-2022 *\/\n.elementor-widget-text-editor.elementor-drop-cap-view-stacked .elementor-drop-cap{background-color:#818a91;color:#fff}.elementor-widget-text-editor.elementor-drop-cap-view-framed .elementor-drop-cap{color:#818a91;border:3px solid;background-color:transparent}.elementor-widget-text-editor:not(.elementor-drop-cap-view-default) .elementor-drop-cap{margin-top:8px}.elementor-widget-text-editor:not(.elementor-drop-cap-view-default) .elementor-drop-cap-letter{width:1em;height:1em}.elementor-widget-text-editor .elementor-drop-cap{float:left;text-align:center;line-height:1;font-size:50px}.elementor-widget-text-editor .elementor-drop-cap-letter{display:inline-block}<\/style>\t\t\t\t<p>V \u00fadr\u017eb\u011b zahrad m\u00e1m nejen j\u00e1, ale i m\u00ed dal\u0161\u00ed kolegov\u00e9 spoustu zku\u0161enost\u00ed. V\u0161e se sna\u017e\u00edme d\u011blat efektivn\u011b a kvalitn\u011b. \u00dadr\u017ebu nab\u00edz\u00edm hlavn\u011b k n\u00e1mi vys\u00e1zen\u00fdm zahrad\u00e1m a prostranstv\u00edm, ale kdy\u017e m\u00e1m\u011b \u010das, jezd\u00edme i na jin\u00e9 zahrady.&nbsp;<\/p>\t\t\t\t\t\t<\/div>\n\t\t\t\t<\/div>\n\t\t\t\t\t<\/div>\n\t\t<\/div>\n\t\t\t\t\t\t\t<\/div>\n\t\t<\/section>\n\t\t\t\t<section class=\"elementor-section elementor-top-section elementor-element elementor-element-514d59e elementor-section-boxed elementor-section-height-default elementor-section-height-default\" data-id=\"514d59e\" data-element_type=\"section\" data-settings=\"{&quot;jet_parallax_layout_list&quot;:[{&quot;jet_parallax_layout_image&quot;:{&quot;url&quot;:&quot;&quot;,&quot;id&quot;:&quot;&quot;},&quot;_id&quot;:&quot;ed82ec7&quot;,&quot;jet_parallax_layout_image_tablet&quot;:{&quot;url&quot;:&quot;&quot;,&quot;id&quot;:&quot;&quot;},&quot;jet_parallax_layout_image_mobile&quot;:{&quot;url&quot;:&quot;&quot;,&quot;id&quot;:&quot;&quot;},&quot;jet_parallax_layout_speed&quot;:{&quot;unit&quot;:&quot;%&quot;,&quot;size&quot;:50,&quot;sizes&quot;:[]},&quot;jet_parallax_layout_type&quot;:&quot;scroll&quot;,&quot;jet_parallax_layout_direction&quot;:null,&quot;jet_parallax_layout_fx_direction&quot;:null,&quot;jet_parallax_layout_z_index&quot;:&quot;&quot;,&quot;jet_parallax_layout_bg_x&quot;:50,&quot;jet_parallax_layout_bg_x_tablet&quot;:&quot;&quot;,&quot;jet_parallax_layout_bg_x_mobile&quot;:&quot;&quot;,&quot;jet_parallax_layout_bg_y&quot;:50,&quot;jet_parallax_layout_bg_y_tablet&quot;:&quot;&quot;,&quot;jet_parallax_layout_bg_y_mobile&quot;:&quot;&quot;,&quot;jet_parallax_layout_bg_size&quot;:&quot;auto&quot;,&quot;jet_parallax_layout_bg_size_tablet&quot;:&quot;&quot;,&quot;jet_parallax_layout_bg_size_mobile&quot;:&quot;&quot;,&quot;jet_parallax_layout_animation_prop&quot;:&quot;transform&quot;,&quot;jet_parallax_layout_on&quot;:[&quot;desktop&quot;,&quot;tablet&quot;]}]}\">\n\t\t\t\t\t\t<div class=\"elementor-container elementor-column-gap-default\">\n\t\t\t\t\t<div class=\"elementor-column elementor-col-100 elementor-top-column elementor-element elementor-element-230fc168\" data-id=\"230fc168\" data-element_type=\"column\">\n\t\t\t<div class=\"elementor-widget-wrap elementor-element-populated\">\n\t\t\t\t\t\t\t\t<div class=\"elementor-element elementor-element-6bd5d06a elementor-widget elementor-widget-text-editor\" data-id=\"6bd5d06a\" data-element_type=\"widget\" data-widget_type=\"text-editor.default\">\n\t\t\t\t<div class=\"elementor-widget-container\">\n\t\t\t\t\t\t\t<!-- wp:gallery {\"ids\":[3614,3615,3616,3617,3618,3619,3620,3621,3622,3623,3624,3625,3626,3627,3628],\"linkTo\":\"none\"} -->\n<figure class=\"wp-block-gallery columns-3 is-cropped\">\n<ul class=\"blocks-gallery-grid\">\n<li class=\"blocks-gallery-item\">\n<figure><img loading=\"lazy\" width=\"1840\" height=\"3264\" class=\"wp-image-3614\" src=\"https:\/\/kvetenaodlesa.cz\/wp-content\/uploads\/2022\/02\/1-5.jpg\" alt=\"\" data-id=\"3614\" data-link=\"https:\/\/kvetenaodlesa.cz\/?attachment_id=3614\" \/><\/figure>\n<\/li>\n<li class=\"blocks-gallery-item\">\n<figure><img loading=\"lazy\" width=\"1840\" height=\"3264\" class=\"wp-image-3615\" src=\"https:\/\/kvetenaodlesa.cz\/wp-content\/uploads\/2022\/02\/4-3.jpg\" alt=\"\" data-id=\"3615\" data-link=\"https:\/\/kvetenaodlesa.cz\/?attachment_id=3615\" \/><\/figure>\n<\/li>\n<li class=\"blocks-gallery-item\">\n<figure><img loading=\"lazy\" width=\"1007\" height=\"567\" class=\"wp-image-3616\" src=\"https:\/\/kvetenaodlesa.cz\/wp-content\/uploads\/2022\/02\/5-3.jpg\" alt=\"\" data-id=\"3616\" data-link=\"https:\/\/kvetenaodlesa.cz\/?attachment_id=3616\" \/><\/figure>\n<\/li>\n<li class=\"blocks-gallery-item\">\n<figure><img loading=\"lazy\" width=\"994\" height=\"561\" class=\"wp-image-3617\" src=\"https:\/\/kvetenaodlesa.cz\/wp-content\/uploads\/2022\/02\/6-5.jpg\" alt=\"\" data-id=\"3617\" data-link=\"https:\/\/kvetenaodlesa.cz\/?attachment_id=3617\" \/><\/figure>\n<\/li>\n<li class=\"blocks-gallery-item\">\n<figure><img loading=\"lazy\" width=\"1549\" height=\"873\" class=\"wp-image-3618\" src=\"https:\/\/kvetenaodlesa.cz\/wp-content\/uploads\/2022\/02\/7-5.jpg\" alt=\"\" data-id=\"3618\" data-link=\"https:\/\/kvetenaodlesa.cz\/?attachment_id=3618\" \/><\/figure>\n<\/li>\n<li class=\"blocks-gallery-item\">\n<figure><img loading=\"lazy\" width=\"3264\" height=\"1840\" class=\"wp-image-3619\" src=\"https:\/\/kvetenaodlesa.cz\/wp-content\/uploads\/2022\/02\/8-5.jpg\" alt=\"\" data-id=\"3619\" data-link=\"https:\/\/kvetenaodlesa.cz\/?attachment_id=3619\" \/><\/figure>\n<\/li>\n<li class=\"blocks-gallery-item\">\n<figure><img loading=\"lazy\" width=\"3264\" height=\"1840\" class=\"wp-image-3620\" src=\"https:\/\/kvetenaodlesa.cz\/wp-content\/uploads\/2022\/02\/10-5.jpg\" alt=\"\" data-id=\"3620\" data-link=\"https:\/\/kvetenaodlesa.cz\/?attachment_id=3620\" \/><\/figure>\n<\/li>\n<li class=\"blocks-gallery-item\">\n<figure><img loading=\"lazy\" width=\"1007\" height=\"567\" class=\"wp-image-3621\" src=\"https:\/\/kvetenaodlesa.cz\/wp-content\/uploads\/2022\/02\/11-5.jpg\" alt=\"\" data-id=\"3621\" data-link=\"https:\/\/kvetenaodlesa.cz\/?attachment_id=3621\" \/><\/figure>\n<\/li>\n<li class=\"blocks-gallery-item\">\n<figure><img loading=\"lazy\" width=\"964\" height=\"544\" class=\"wp-image-3622\" src=\"https:\/\/kvetenaodlesa.cz\/wp-content\/uploads\/2022\/02\/12-1.jpg\" alt=\"\" data-id=\"3622\" data-link=\"https:\/\/kvetenaodlesa.cz\/?attachment_id=3622\" \/><\/figure>\n<\/li>\n<li class=\"blocks-gallery-item\">\n<figure><img loading=\"lazy\" width=\"334\" height=\"592\" class=\"wp-image-3623\" src=\"https:\/\/kvetenaodlesa.cz\/wp-content\/uploads\/2022\/02\/13-1.jpg\" alt=\"\" data-id=\"3623\" data-link=\"https:\/\/kvetenaodlesa.cz\/?attachment_id=3623\" \/><\/figure>\n<\/li>\n<li class=\"blocks-gallery-item\">\n<figure><img loading=\"lazy\" width=\"916\" height=\"574\" class=\"wp-image-3624\" src=\"https:\/\/kvetenaodlesa.cz\/wp-content\/uploads\/2022\/02\/15-1.jpg\" alt=\"\" data-id=\"3624\" data-link=\"https:\/\/kvetenaodlesa.cz\/?attachment_id=3624\" \/><\/figure>\n<\/li>\n<li class=\"blocks-gallery-item\">\n<figure><img loading=\"lazy\" width=\"801\" height=\"601\" class=\"wp-image-3626\" src=\"https:\/\/kvetenaodlesa.cz\/wp-content\/uploads\/2022\/02\/17-1.jpg\" alt=\"\" data-id=\"3626\" data-link=\"https:\/\/kvetenaodlesa.cz\/?attachment_id=3626\" \/><\/figure>\n<\/li>\n<li class=\"blocks-gallery-item\">\n<figure><img loading=\"lazy\" width=\"1039\" height=\"607\" class=\"wp-image-3627\" src=\"https:\/\/kvetenaodlesa.cz\/wp-content\/uploads\/2022\/02\/23.jpg\" alt=\"\" data-id=\"3627\" data-link=\"https:\/\/kvetenaodlesa.cz\/?attachment_id=3627\" \/><\/figure>\n<\/li>\n<li class=\"blocks-gallery-item\">\n<figure><img loading=\"lazy\" width=\"1046\" height=\"589\" class=\"wp-image-3628\" src=\"https:\/\/kvetenaodlesa.cz\/wp-content\/uploads\/2022\/02\/24.jpg\" alt=\"\" data-id=\"3628\" data-link=\"https:\/\/kvetenaodlesa.cz\/?attachment_id=3628\" \/><\/figure>\n<\/li>\n<\/ul>\n<\/figure>\n<!-- \/wp:gallery -->\t\t\t\t\t\t<\/div>\n\t\t\t\t<\/div>\n\t\t\t\t\t<\/div>\n\t\t<\/div>\n\t\t\t\t\t\t\t<\/div>\n\t\t<\/section>\n\t\t\t\t\t\t<\/div>\n\t\t\t\t\t<\/div>\n\t\t","protected":false},"excerpt":{"rendered":"<p>V \u00fadr\u017eb\u011b zahrad m\u00e1m nejen j\u00e1, ale i m\u00ed dal\u0161\u00ed kolegov\u00e9 spoustu zku\u0161enost\u00ed. V\u0161e se sna\u017e\u00edme d\u011blat efektivn\u011b a kvalitn\u011b. \u00dadr\u017ebu nab\u00edz\u00edm hlavn\u011b k n\u00e1mi vys\u00e1zen\u00fdm zahrad\u00e1m a prostranstv\u00edm, ale kdy\u017e m\u00e1m\u011b \u010das, jezd\u00edme i na jin\u00e9 zahrady.&nbsp;<\/p>\n","protected":false},"author":1,"featured_media":0,"parent":0,"menu_order":0,"comment_status":"closed","ping_status":"closed","template":"","meta":{"ngg_post_thumbnail":0},"yoast_head":"<!-- This site is optimized with the Yoast SEO plugin v18.2 - https:\/\/yoast.com\/wordpress\/plugins\/seo\/ -->\n<title>\u00dadr\u017eba zahrad - Zahradn\u00ed a floristck\u00e9 slu\u017eby<\/title>\n<meta name=\"robots\" content=\"index, follow, max-snippet:-1, max-image-preview:large, max-video-preview:-1\" \/>\n<link rel=\"canonical\" href=\"https:\/\/www.kvetenaodlesa.cz\/?page_id=3613\" \/>\n<meta property=\"og:locale\" content=\"cs_CZ\" \/>\n<meta property=\"og:type\" content=\"article\" \/>\n<meta property=\"og:title\" content=\"\u00dadr\u017eba zahrad - Zahradn\u00ed a floristck\u00e9 slu\u017eby\" \/>\n<meta property=\"og:description\" content=\"V \u00fadr\u017eb\u011b zahrad m\u00e1m nejen j\u00e1, ale i m\u00ed dal\u0161\u00ed kolegov\u00e9 spoustu zku\u0161enost\u00ed. V\u0161e se sna\u017e\u00edme d\u011blat efektivn\u011b a kvalitn\u011b. \u00dadr\u017ebu nab\u00edz\u00edm hlavn\u011b k n\u00e1mi vys\u00e1zen\u00fdm zahrad\u00e1m a prostranstv\u00edm, ale kdy\u017e m\u00e1m\u011b \u010das, jezd\u00edme i na jin\u00e9 zahrady.&nbsp;\" \/>\n<meta property=\"og:url\" content=\"https:\/\/www.kvetenaodlesa.cz\/?page_id=3613\" \/>\n<meta property=\"og:site_name\" content=\"Zahradn\u00ed a floristck\u00e9 slu\u017eby\" \/>\n<meta property=\"article:publisher\" content=\"https:\/\/www.facebook.com\/kvetenaodlesa\" \/>\n<meta property=\"article:modified_time\" content=\"2022-02-07T13:00:16+00:00\" \/>\n<meta property=\"og:image\" content=\"https:\/\/kvetenaodlesa.cz\/wp-content\/uploads\/2022\/02\/1-5.jpg\" \/>\n<meta name=\"twitter:card\" content=\"summary_large_image\" \/>\n<script type=\"application\/ld+json\" class=\"yoast-schema-graph\">{\"@context\":\"https:\/\/schema.org\",\"@graph\":[{\"@type\":\"Organization\",\"@id\":\"https:\/\/www.kvetenaodlesa.cz\/#organization\",\"name\":\"Kv\u011btena od Lesa\",\"url\":\"https:\/\/www.kvetenaodlesa.cz\/\",\"sameAs\":[\"https:\/\/www.facebook.com\/kvetenaodlesa\",\"https:\/\/www.instagram.com\/kvetenaodlesa\/\"],\"logo\":{\"@type\":\"ImageObject\",\"@id\":\"https:\/\/www.kvetenaodlesa.cz\/#logo\",\"inLanguage\":\"cs\",\"url\":\"https:\/\/www.kvetenaodlesa.cz\/wp-content\/uploads\/2022\/04\/zahradni_floristicke_sluzby.png\",\"contentUrl\":\"https:\/\/www.kvetenaodlesa.cz\/wp-content\/uploads\/2022\/04\/zahradni_floristicke_sluzby.png\",\"width\":1500,\"height\":1500,\"caption\":\"Kv\u011btena od Lesa\"},\"image\":{\"@id\":\"https:\/\/www.kvetenaodlesa.cz\/#logo\"}},{\"@type\":\"WebSite\",\"@id\":\"https:\/\/www.kvetenaodlesa.cz\/#website\",\"url\":\"https:\/\/www.kvetenaodlesa.cz\/\",\"name\":\"Zahradn\u00ed a floristck\u00e9 slu\u017eby\",\"description\":\"Va\u0161e zahrada, na\u0161e v\u00e1\u0161e\u0148 - n\u00e1vrhy, realizace a \u00fadr\u017eba zahrad s l\u00e1skou k p\u0159\u00edrod\u011b. Jste z Prahy \u010di okol\u00ed? Ozv\u011bte se a u\u017e\u00edvejte si Va\u0161i zahradu a pr\u00e1ci nechte na n\u00e1s.\",\"publisher\":{\"@id\":\"https:\/\/www.kvetenaodlesa.cz\/#organization\"},\"potentialAction\":[{\"@type\":\"SearchAction\",\"target\":{\"@type\":\"EntryPoint\",\"urlTemplate\":\"https:\/\/www.kvetenaodlesa.cz\/?s={search_term_string}\"},\"query-input\":\"required name=search_term_string\"}],\"inLanguage\":\"cs\"},{\"@type\":\"ImageObject\",\"@id\":\"https:\/\/www.kvetenaodlesa.cz\/?page_id=3613#primaryimage\",\"inLanguage\":\"cs\",\"url\":\"https:\/\/kvetenaodlesa.cz\/wp-content\/uploads\/2022\/02\/1-5.jpg\",\"contentUrl\":\"https:\/\/kvetenaodlesa.cz\/wp-content\/uploads\/2022\/02\/1-5.jpg\"},{\"@type\":\"WebPage\",\"@id\":\"https:\/\/www.kvetenaodlesa.cz\/?page_id=3613#webpage\",\"url\":\"https:\/\/www.kvetenaodlesa.cz\/?page_id=3613\",\"name\":\"\u00dadr\u017eba zahrad - Zahradn\u00ed a floristck\u00e9 slu\u017eby\",\"isPartOf\":{\"@id\":\"https:\/\/www.kvetenaodlesa.cz\/#website\"},\"primaryImageOfPage\":{\"@id\":\"https:\/\/www.kvetenaodlesa.cz\/?page_id=3613#primaryimage\"},\"datePublished\":\"2022-02-07T12:53:37+00:00\",\"dateModified\":\"2022-02-07T13:00:16+00:00\",\"breadcrumb\":{\"@id\":\"https:\/\/www.kvetenaodlesa.cz\/?page_id=3613#breadcrumb\"},\"inLanguage\":\"cs\",\"potentialAction\":[{\"@type\":\"ReadAction\",\"target\":[\"https:\/\/www.kvetenaodlesa.cz\/?page_id=3613\"]}]},{\"@type\":\"BreadcrumbList\",\"@id\":\"https:\/\/www.kvetenaodlesa.cz\/?page_id=3613#breadcrumb\",\"itemListElement\":[{\"@type\":\"ListItem\",\"position\":1,\"name\":\"Dom\u016f\",\"item\":\"https:\/\/www.kvetenaodlesa.cz\/\"},{\"@type\":\"ListItem\",\"position\":2,\"name\":\"\u00dadr\u017eba zahrad\"}]}]}<\/script>\n<!-- \/ Yoast SEO plugin. -->","yoast_head_json":{"title":"\u00dadr\u017eba zahrad - Zahradn\u00ed a floristck\u00e9 slu\u017eby","robots":{"index":"index","follow":"follow","max-snippet":"max-snippet:-1","max-image-preview":"max-image-preview:large","max-video-preview":"max-video-preview:-1"},"canonical":"https:\/\/www.kvetenaodlesa.cz\/?page_id=3613","og_locale":"cs_CZ","og_type":"article","og_title":"\u00dadr\u017eba zahrad - Zahradn\u00ed a floristck\u00e9 slu\u017eby","og_description":"V \u00fadr\u017eb\u011b zahrad m\u00e1m nejen j\u00e1, ale i m\u00ed dal\u0161\u00ed kolegov\u00e9 spoustu zku\u0161enost\u00ed. V\u0161e se sna\u017e\u00edme d\u011blat efektivn\u011b a kvalitn\u011b. \u00dadr\u017ebu nab\u00edz\u00edm hlavn\u011b k n\u00e1mi vys\u00e1zen\u00fdm zahrad\u00e1m a prostranstv\u00edm, ale kdy\u017e m\u00e1m\u011b \u010das, jezd\u00edme i na jin\u00e9 zahrady.&nbsp;","og_url":"https:\/\/www.kvetenaodlesa.cz\/?page_id=3613","og_site_name":"Zahradn\u00ed a floristck\u00e9 slu\u017eby","article_publisher":"https:\/\/www.facebook.com\/kvetenaodlesa","article_modified_time":"2022-02-07T13:00:16+00:00","og_image":[{"url":"https:\/\/kvetenaodlesa.cz\/wp-content\/uploads\/2022\/02\/1-5.jpg"}],"twitter_card":"summary_large_image","schema":{"@context":"https:\/\/schema.org","@graph":[{"@type":"Organization","@id":"https:\/\/www.kvetenaodlesa.cz\/#organization","name":"Kv\u011btena od Lesa","url":"https:\/\/www.kvetenaodlesa.cz\/","sameAs":["https:\/\/www.facebook.com\/kvetenaodlesa","https:\/\/www.instagram.com\/kvetenaodlesa\/"],"logo":{"@type":"ImageObject","@id":"https:\/\/www.kvetenaodlesa.cz\/#logo","inLanguage":"cs","url":"https:\/\/www.kvetenaodlesa.cz\/wp-content\/uploads\/2022\/04\/zahradni_floristicke_sluzby.png","contentUrl":"https:\/\/www.kvetenaodlesa.cz\/wp-content\/uploads\/2022\/04\/zahradni_floristicke_sluzby.png","width":1500,"height":1500,"caption":"Kv\u011btena od Lesa"},"image":{"@id":"https:\/\/www.kvetenaodlesa.cz\/#logo"}},{"@type":"WebSite","@id":"https:\/\/www.kvetenaodlesa.cz\/#website","url":"https:\/\/www.kvetenaodlesa.cz\/","name":"Zahradn\u00ed a floristck\u00e9 slu\u017eby","description":"Va\u0161e zahrada, na\u0161e v\u00e1\u0161e\u0148 - n\u00e1vrhy, realizace a \u00fadr\u017eba zahrad s l\u00e1skou k p\u0159\u00edrod\u011b. Jste z Prahy \u010di okol\u00ed? Ozv\u011bte se a u\u017e\u00edvejte si Va\u0161i zahradu a pr\u00e1ci nechte na n\u00e1s.","publisher":{"@id":"https:\/\/www.kvetenaodlesa.cz\/#organization"},"potentialAction":[{"@type":"SearchAction","target":{"@type":"EntryPoint","urlTemplate":"https:\/\/www.kvetenaodlesa.cz\/?s={search_term_string}"},"query-input":"required name=search_term_string"}],"inLanguage":"cs"},{"@type":"ImageObject","@id":"https:\/\/www.kvetenaodlesa.cz\/?page_id=3613#primaryimage","inLanguage":"cs","url":"https:\/\/kvetenaodlesa.cz\/wp-content\/uploads\/2022\/02\/1-5.jpg","contentUrl":"https:\/\/kvetenaodlesa.cz\/wp-content\/uploads\/2022\/02\/1-5.jpg"},{"@type":"WebPage","@id":"https:\/\/www.kvetenaodlesa.cz\/?page_id=3613#webpage","url":"https:\/\/www.kvetenaodlesa.cz\/?page_id=3613","name":"\u00dadr\u017eba zahrad - Zahradn\u00ed a floristck\u00e9 slu\u017eby","isPartOf":{"@id":"https:\/\/www.kvetenaodlesa.cz\/#website"},"primaryImageOfPage":{"@id":"https:\/\/www.kvetenaodlesa.cz\/?page_id=3613#primaryimage"},"datePublished":"2022-02-07T12:53:37+00:00","dateModified":"2022-02-07T13:00:16+00:00","breadcrumb":{"@id":"https:\/\/www.kvetenaodlesa.cz\/?page_id=3613#breadcrumb"},"inLanguage":"cs","potentialAction":[{"@type":"ReadAction","target":["https:\/\/www.kvetenaodlesa.cz\/?page_id=3613"]}]},{"@type":"BreadcrumbList","@id":"https:\/\/www.kvetenaodlesa.cz\/?page_id=3613#breadcrumb","itemListElement":[{"@type":"ListItem","position":1,"name":"Dom\u016f","item":"https:\/\/www.kvetenaodlesa.cz\/"},{"@type":"ListItem","position":2,"name":"\u00dadr\u017eba zahrad"}]}]}},"_links":{"self":[{"href":"https:\/\/www.kvetenaodlesa.cz\/index.php?rest_route=\/wp\/v2\/pages\/3613"}],"collection":[{"href":"https:\/\/www.kvetenaodlesa.cz\/index.php?rest_route=\/wp\/v2\/pages"}],"about":[{"href":"https:\/\/www.kvetenaodlesa.cz\/index.php?rest_route=\/wp\/v2\/types\/page"}],"author":[{"embeddable":true,"href":"https:\/\/www.kvetenaodlesa.cz\/index.php?rest_route=\/wp\/v2\/users\/1"}],"replies":[{"embeddable":true,"href":"https:\/\/www.kvetenaodlesa.cz\/index.php?rest_route=%2Fwp%2Fv2%2Fcomments&post=3613"}],"version-history":[{"count":3,"href":"https:\/\/www.kvetenaodlesa.cz\/index.php?rest_route=\/wp\/v2\/pages\/3613\/revisions"}],"predecessor-version":[{"id":3631,"href":"https:\/\/www.kvetenaodlesa.cz\/index.php?rest_route=\/wp\/v2\/pages\/3613\/revisions\/3631"}],"wp:attachment":[{"href":"https:\/\/www.kvetenaodlesa.cz\/index.php?rest_route=%2Fwp%2Fv2%2Fmedia&parent=3613"}],"curies":[{"name":"wp","href":"https:\/\/api.w.org\/{rel}","templated":true}]}}