{"id":3668,"date":"2022-02-07T15:06:09","date_gmt":"2022-02-07T14:06:09","guid":{"rendered":"https:\/\/kvetenaodlesa.cz\/?page_id=3668"},"modified":"2023-04-24T12:17:27","modified_gmt":"2023-04-24T10:17:27","slug":"zabovresky-navrhzahrady","status":"publish","type":"page","link":"https:\/\/www.kvetenaodlesa.cz\/?page_id=3668","title":{"rendered":"\u017dabov\u0159esky"},"content":{"rendered":"\t\t<div data-elementor-type=\"wp-page\" data-elementor-id=\"3668\" class=\"elementor elementor-3668\" data-elementor-settings=\"[]\">\n\t\t\t\t\t\t\t<div class=\"elementor-section-wrap\">\n\t\t\t\t\t\t\t<section class=\"elementor-section elementor-top-section elementor-element elementor-element-4b76b42b elementor-section-boxed elementor-section-height-default elementor-section-height-default\" data-id=\"4b76b42b\" data-element_type=\"section\" data-settings=\"{&quot;jet_parallax_layout_list&quot;:[{&quot;jet_parallax_layout_image&quot;:{&quot;url&quot;:&quot;&quot;,&quot;id&quot;:&quot;&quot;},&quot;_id&quot;:&quot;596e427&quot;,&quot;jet_parallax_layout_image_tablet&quot;:{&quot;url&quot;:&quot;&quot;,&quot;id&quot;:&quot;&quot;},&quot;jet_parallax_layout_image_mobile&quot;:{&quot;url&quot;:&quot;&quot;,&quot;id&quot;:&quot;&quot;},&quot;jet_parallax_layout_speed&quot;:{&quot;unit&quot;:&quot;%&quot;,&quot;size&quot;:50,&quot;sizes&quot;:[]},&quot;jet_parallax_layout_type&quot;:&quot;scroll&quot;,&quot;jet_parallax_layout_direction&quot;:null,&quot;jet_parallax_layout_fx_direction&quot;:null,&quot;jet_parallax_layout_z_index&quot;:&quot;&quot;,&quot;jet_parallax_layout_bg_x&quot;:50,&quot;jet_parallax_layout_bg_x_tablet&quot;:&quot;&quot;,&quot;jet_parallax_layout_bg_x_mobile&quot;:&quot;&quot;,&quot;jet_parallax_layout_bg_y&quot;:50,&quot;jet_parallax_layout_bg_y_tablet&quot;:&quot;&quot;,&quot;jet_parallax_layout_bg_y_mobile&quot;:&quot;&quot;,&quot;jet_parallax_layout_bg_size&quot;:&quot;auto&quot;,&quot;jet_parallax_layout_bg_size_tablet&quot;:&quot;&quot;,&quot;jet_parallax_layout_bg_size_mobile&quot;:&quot;&quot;,&quot;jet_parallax_layout_animation_prop&quot;:&quot;transform&quot;,&quot;jet_parallax_layout_on&quot;:[&quot;desktop&quot;,&quot;tablet&quot;]}]}\">\n\t\t\t\t\t\t<div class=\"elementor-container elementor-column-gap-default\">\n\t\t\t\t\t<div class=\"elementor-column elementor-col-100 elementor-top-column elementor-element elementor-element-c9dde93\" data-id=\"c9dde93\" data-element_type=\"column\">\n\t\t\t<div class=\"elementor-widget-wrap elementor-element-populated\">\n\t\t\t\t\t\t\t\t<div class=\"elementor-element elementor-element-349efae elementor-widget elementor-widget-text-editor\" data-id=\"349efae\" data-element_type=\"widget\" data-widget_type=\"text-editor.default\">\n\t\t\t\t<div class=\"elementor-widget-container\">\n\t\t\t<style>\/*! elementor - v3.5.5 - 03-02-2022 *\/\n.elementor-widget-text-editor.elementor-drop-cap-view-stacked .elementor-drop-cap{background-color:#818a91;color:#fff}.elementor-widget-text-editor.elementor-drop-cap-view-framed .elementor-drop-cap{color:#818a91;border:3px solid;background-color:transparent}.elementor-widget-text-editor:not(.elementor-drop-cap-view-default) .elementor-drop-cap{margin-top:8px}.elementor-widget-text-editor:not(.elementor-drop-cap-view-default) .elementor-drop-cap-letter{width:1em;height:1em}.elementor-widget-text-editor .elementor-drop-cap{float:left;text-align:center;line-height:1;font-size:50px}.elementor-widget-text-editor .elementor-drop-cap-letter{display:inline-block}<\/style>\t\t\t\t<p>Zahrada, kterou nav\u0161t\u011bvujeme od jej\u00edho \u00fapln\u00e9ho za\u010d\u00e1tku. Nyn\u00ed jsme ve f\u00e1zi p\u0159\u00edprav, m\u00e1me navr\u017een\u00fd hlavn\u00ed svah a pracujeme na dal\u0161\u00edch n\u00e1vrz\u00edch a prostorech v zahrad\u011b u novostavby.<\/p>\t\t\t\t\t\t<\/div>\n\t\t\t\t<\/div>\n\t\t\t\t\t<\/div>\n\t\t<\/div>\n\t\t\t\t\t\t\t<\/div>\n\t\t<\/section>\n\t\t\t\t<section class=\"elementor-section elementor-top-section elementor-element elementor-element-99777f6 elementor-section-boxed elementor-section-height-default elementor-section-height-default\" data-id=\"99777f6\" data-element_type=\"section\" data-settings=\"{&quot;jet_parallax_layout_list&quot;:[{&quot;jet_parallax_layout_image&quot;:{&quot;url&quot;:&quot;&quot;,&quot;id&quot;:&quot;&quot;},&quot;_id&quot;:&quot;31cc17e&quot;,&quot;jet_parallax_layout_image_tablet&quot;:{&quot;url&quot;:&quot;&quot;,&quot;id&quot;:&quot;&quot;},&quot;jet_parallax_layout_image_mobile&quot;:{&quot;url&quot;:&quot;&quot;,&quot;id&quot;:&quot;&quot;},&quot;jet_parallax_layout_speed&quot;:{&quot;unit&quot;:&quot;%&quot;,&quot;size&quot;:50,&quot;sizes&quot;:[]},&quot;jet_parallax_layout_type&quot;:&quot;scroll&quot;,&quot;jet_parallax_layout_direction&quot;:null,&quot;jet_parallax_layout_fx_direction&quot;:null,&quot;jet_parallax_layout_z_index&quot;:&quot;&quot;,&quot;jet_parallax_layout_bg_x&quot;:50,&quot;jet_parallax_layout_bg_x_tablet&quot;:&quot;&quot;,&quot;jet_parallax_layout_bg_x_mobile&quot;:&quot;&quot;,&quot;jet_parallax_layout_bg_y&quot;:50,&quot;jet_parallax_layout_bg_y_tablet&quot;:&quot;&quot;,&quot;jet_parallax_layout_bg_y_mobile&quot;:&quot;&quot;,&quot;jet_parallax_layout_bg_size&quot;:&quot;auto&quot;,&quot;jet_parallax_layout_bg_size_tablet&quot;:&quot;&quot;,&quot;jet_parallax_layout_bg_size_mobile&quot;:&quot;&quot;,&quot;jet_parallax_layout_animation_prop&quot;:&quot;transform&quot;,&quot;jet_parallax_layout_on&quot;:[&quot;desktop&quot;,&quot;tablet&quot;]}]}\">\n\t\t\t\t\t\t<div class=\"elementor-container elementor-column-gap-default\">\n\t\t\t\t\t<div class=\"elementor-column elementor-col-100 elementor-top-column elementor-element elementor-element-59fdc84f\" data-id=\"59fdc84f\" data-element_type=\"column\">\n\t\t\t<div class=\"elementor-widget-wrap elementor-element-populated\">\n\t\t\t\t\t\t\t\t<div class=\"elementor-element elementor-element-181605fd elementor-widget elementor-widget-text-editor\" data-id=\"181605fd\" data-element_type=\"widget\" data-widget_type=\"text-editor.default\">\n\t\t\t\t<div class=\"elementor-widget-container\">\n\t\t\t\t\t\t\t<!-- wp:gallery {\"ids\":[3669,3670,3671,3672,3673,3674],\"linkTo\":\"none\"} -->\n<figure class=\"wp-block-gallery columns-3 is-cropped\"><ul class=\"blocks-gallery-grid\"><li class=\"blocks-gallery-item\"><figure><img loading=\"lazy\" width=\"1600\" height=\"1200\" src=\"https:\/\/kvetenaodlesa.cz\/wp-content\/uploads\/2022\/02\/1-7.jpg\" alt=\"\" data-id=\"3669\" data-link=\"https:\/\/kvetenaodlesa.cz\/?attachment_id=3669\" class=\"wp-image-3669\"\/><\/figure><\/li><li class=\"blocks-gallery-item\"><figure><img loading=\"lazy\" width=\"1600\" height=\"1200\" src=\"https:\/\/kvetenaodlesa.cz\/wp-content\/uploads\/2022\/02\/2-6.jpg\" alt=\"\" data-id=\"3670\" data-link=\"https:\/\/kvetenaodlesa.cz\/?attachment_id=3670\" class=\"wp-image-3670\"\/><\/figure><\/li><li class=\"blocks-gallery-item\"><figure><img loading=\"lazy\" width=\"3000\" height=\"3940\" src=\"https:\/\/kvetenaodlesa.cz\/wp-content\/uploads\/2022\/02\/4-5.jpg\" alt=\"\" data-id=\"3671\" data-link=\"https:\/\/kvetenaodlesa.cz\/?attachment_id=3671\" class=\"wp-image-3671\"\/><\/figure><\/li><li class=\"blocks-gallery-item\"><figure><img loading=\"lazy\" width=\"3000\" height=\"4000\" src=\"https:\/\/kvetenaodlesa.cz\/wp-content\/uploads\/2022\/02\/5-5.jpg\" alt=\"\" data-id=\"3672\" data-link=\"https:\/\/kvetenaodlesa.cz\/?attachment_id=3672\" class=\"wp-image-3672\"\/><\/figure><\/li><li class=\"blocks-gallery-item\"><figure><img loading=\"lazy\" width=\"3000\" height=\"4000\" src=\"https:\/\/kvetenaodlesa.cz\/wp-content\/uploads\/2022\/02\/6-7.jpg\" alt=\"\" data-id=\"3673\" data-link=\"https:\/\/kvetenaodlesa.cz\/?attachment_id=3673\" class=\"wp-image-3673\"\/><\/figure><\/li><li class=\"blocks-gallery-item\"><figure><img loading=\"lazy\" width=\"3000\" height=\"4000\" src=\"https:\/\/kvetenaodlesa.cz\/wp-content\/uploads\/2022\/02\/7-7.jpg\" alt=\"\" data-id=\"3674\" data-link=\"https:\/\/kvetenaodlesa.cz\/?attachment_id=3674\" class=\"wp-image-3674\"\/><\/figure><\/li><\/ul><\/figure>\n<!-- \/wp:gallery -->\t\t\t\t\t\t<\/div>\n\t\t\t\t<\/div>\n\t\t\t\t\t<\/div>\n\t\t<\/div>\n\t\t\t\t\t\t\t<\/div>\n\t\t<\/section>\n\t\t\t\t\t\t<\/div>\n\t\t\t\t\t<\/div>\n\t\t","protected":false},"excerpt":{"rendered":"<p>Zahrada, kterou nav\u0161t\u011bvujeme od jej\u00edho \u00fapln\u00e9ho za\u010d\u00e1tku. Nyn\u00ed jsme ve f\u00e1zi p\u0159\u00edprav, m\u00e1me navr\u017een\u00fd hlavn\u00ed svah a pracujeme na dal\u0161\u00edch n\u00e1vrz\u00edch a prostorech v zahrad\u011b u novostavby.<\/p>\n","protected":false},"author":1,"featured_media":0,"parent":0,"menu_order":0,"comment_status":"closed","ping_status":"closed","template":"","meta":{"ngg_post_thumbnail":0},"yoast_head":"<!-- This site is optimized with the Yoast SEO plugin v18.2 - https:\/\/yoast.com\/wordpress\/plugins\/seo\/ -->\n<title>\u017dabov\u0159esky - Zahradn\u00ed a floristck\u00e9 slu\u017eby<\/title>\n<meta name=\"robots\" content=\"index, follow, max-snippet:-1, max-image-preview:large, max-video-preview:-1\" \/>\n<link rel=\"canonical\" href=\"https:\/\/www.kvetenaodlesa.cz\/?page_id=3668\" \/>\n<meta property=\"og:locale\" content=\"cs_CZ\" \/>\n<meta property=\"og:type\" content=\"article\" \/>\n<meta property=\"og:title\" content=\"\u017dabov\u0159esky - Zahradn\u00ed a floristck\u00e9 slu\u017eby\" \/>\n<meta property=\"og:description\" content=\"Zahrada, kterou nav\u0161t\u011bvujeme od jej\u00edho \u00fapln\u00e9ho za\u010d\u00e1tku. Nyn\u00ed jsme ve f\u00e1zi p\u0159\u00edprav, m\u00e1me navr\u017een\u00fd hlavn\u00ed svah a pracujeme na dal\u0161\u00edch n\u00e1vrz\u00edch a prostorech v zahrad\u011b u novostavby.\" \/>\n<meta property=\"og:url\" content=\"https:\/\/www.kvetenaodlesa.cz\/?page_id=3668\" \/>\n<meta property=\"og:site_name\" content=\"Zahradn\u00ed a floristck\u00e9 slu\u017eby\" \/>\n<meta property=\"article:publisher\" content=\"https:\/\/www.facebook.com\/kvetenaodlesa\" \/>\n<meta property=\"article:modified_time\" content=\"2023-04-24T10:17:27+00:00\" \/>\n<meta property=\"og:image\" content=\"https:\/\/kvetenaodlesa.cz\/wp-content\/uploads\/2022\/02\/1-7.jpg\" \/>\n<meta name=\"twitter:card\" content=\"summary_large_image\" \/>\n<script type=\"application\/ld+json\" class=\"yoast-schema-graph\">{\"@context\":\"https:\/\/schema.org\",\"@graph\":[{\"@type\":\"Organization\",\"@id\":\"https:\/\/www.kvetenaodlesa.cz\/#organization\",\"name\":\"Kv\u011btena od Lesa\",\"url\":\"https:\/\/www.kvetenaodlesa.cz\/\",\"sameAs\":[\"https:\/\/www.facebook.com\/kvetenaodlesa\",\"https:\/\/www.instagram.com\/kvetenaodlesa\/\"],\"logo\":{\"@type\":\"ImageObject\",\"@id\":\"https:\/\/www.kvetenaodlesa.cz\/#logo\",\"inLanguage\":\"cs\",\"url\":\"https:\/\/www.kvetenaodlesa.cz\/wp-content\/uploads\/2022\/04\/zahradni_floristicke_sluzby.png\",\"contentUrl\":\"https:\/\/www.kvetenaodlesa.cz\/wp-content\/uploads\/2022\/04\/zahradni_floristicke_sluzby.png\",\"width\":1500,\"height\":1500,\"caption\":\"Kv\u011btena od Lesa\"},\"image\":{\"@id\":\"https:\/\/www.kvetenaodlesa.cz\/#logo\"}},{\"@type\":\"WebSite\",\"@id\":\"https:\/\/www.kvetenaodlesa.cz\/#website\",\"url\":\"https:\/\/www.kvetenaodlesa.cz\/\",\"name\":\"Zahradn\u00ed a floristck\u00e9 slu\u017eby\",\"description\":\"Va\u0161e zahrada, na\u0161e v\u00e1\u0161e\u0148 - n\u00e1vrhy, realizace a \u00fadr\u017eba zahrad s l\u00e1skou k p\u0159\u00edrod\u011b. Jste z Prahy \u010di okol\u00ed? Ozv\u011bte se a u\u017e\u00edvejte si Va\u0161i zahradu a pr\u00e1ci nechte na n\u00e1s.\",\"publisher\":{\"@id\":\"https:\/\/www.kvetenaodlesa.cz\/#organization\"},\"potentialAction\":[{\"@type\":\"SearchAction\",\"target\":{\"@type\":\"EntryPoint\",\"urlTemplate\":\"https:\/\/www.kvetenaodlesa.cz\/?s={search_term_string}\"},\"query-input\":\"required name=search_term_string\"}],\"inLanguage\":\"cs\"},{\"@type\":\"ImageObject\",\"@id\":\"https:\/\/www.kvetenaodlesa.cz\/?page_id=3668#primaryimage\",\"inLanguage\":\"cs\",\"url\":\"https:\/\/kvetenaodlesa.cz\/wp-content\/uploads\/2022\/02\/1-7.jpg\",\"contentUrl\":\"https:\/\/kvetenaodlesa.cz\/wp-content\/uploads\/2022\/02\/1-7.jpg\"},{\"@type\":\"WebPage\",\"@id\":\"https:\/\/www.kvetenaodlesa.cz\/?page_id=3668#webpage\",\"url\":\"https:\/\/www.kvetenaodlesa.cz\/?page_id=3668\",\"name\":\"\u017dabov\u0159esky - Zahradn\u00ed a floristck\u00e9 slu\u017eby\",\"isPartOf\":{\"@id\":\"https:\/\/www.kvetenaodlesa.cz\/#website\"},\"primaryImageOfPage\":{\"@id\":\"https:\/\/www.kvetenaodlesa.cz\/?page_id=3668#primaryimage\"},\"datePublished\":\"2022-02-07T14:06:09+00:00\",\"dateModified\":\"2023-04-24T10:17:27+00:00\",\"breadcrumb\":{\"@id\":\"https:\/\/www.kvetenaodlesa.cz\/?page_id=3668#breadcrumb\"},\"inLanguage\":\"cs\",\"potentialAction\":[{\"@type\":\"ReadAction\",\"target\":[\"https:\/\/www.kvetenaodlesa.cz\/?page_id=3668\"]}]},{\"@type\":\"BreadcrumbList\",\"@id\":\"https:\/\/www.kvetenaodlesa.cz\/?page_id=3668#breadcrumb\",\"itemListElement\":[{\"@type\":\"ListItem\",\"position\":1,\"name\":\"Dom\u016f\",\"item\":\"https:\/\/www.kvetenaodlesa.cz\/\"},{\"@type\":\"ListItem\",\"position\":2,\"name\":\"\u017dabov\u0159esky\"}]}]}<\/script>\n<!-- \/ Yoast SEO plugin. -->","yoast_head_json":{"title":"\u017dabov\u0159esky - Zahradn\u00ed a floristck\u00e9 slu\u017eby","robots":{"index":"index","follow":"follow","max-snippet":"max-snippet:-1","max-image-preview":"max-image-preview:large","max-video-preview":"max-video-preview:-1"},"canonical":"https:\/\/www.kvetenaodlesa.cz\/?page_id=3668","og_locale":"cs_CZ","og_type":"article","og_title":"\u017dabov\u0159esky - Zahradn\u00ed a floristck\u00e9 slu\u017eby","og_description":"Zahrada, kterou nav\u0161t\u011bvujeme od jej\u00edho \u00fapln\u00e9ho za\u010d\u00e1tku. Nyn\u00ed jsme ve f\u00e1zi p\u0159\u00edprav, m\u00e1me navr\u017een\u00fd hlavn\u00ed svah a pracujeme na dal\u0161\u00edch n\u00e1vrz\u00edch a prostorech v zahrad\u011b u novostavby.","og_url":"https:\/\/www.kvetenaodlesa.cz\/?page_id=3668","og_site_name":"Zahradn\u00ed a floristck\u00e9 slu\u017eby","article_publisher":"https:\/\/www.facebook.com\/kvetenaodlesa","article_modified_time":"2023-04-24T10:17:27+00:00","og_image":[{"url":"https:\/\/kvetenaodlesa.cz\/wp-content\/uploads\/2022\/02\/1-7.jpg"}],"twitter_card":"summary_large_image","schema":{"@context":"https:\/\/schema.org","@graph":[{"@type":"Organization","@id":"https:\/\/www.kvetenaodlesa.cz\/#organization","name":"Kv\u011btena od Lesa","url":"https:\/\/www.kvetenaodlesa.cz\/","sameAs":["https:\/\/www.facebook.com\/kvetenaodlesa","https:\/\/www.instagram.com\/kvetenaodlesa\/"],"logo":{"@type":"ImageObject","@id":"https:\/\/www.kvetenaodlesa.cz\/#logo","inLanguage":"cs","url":"https:\/\/www.kvetenaodlesa.cz\/wp-content\/uploads\/2022\/04\/zahradni_floristicke_sluzby.png","contentUrl":"https:\/\/www.kvetenaodlesa.cz\/wp-content\/uploads\/2022\/04\/zahradni_floristicke_sluzby.png","width":1500,"height":1500,"caption":"Kv\u011btena od Lesa"},"image":{"@id":"https:\/\/www.kvetenaodlesa.cz\/#logo"}},{"@type":"WebSite","@id":"https:\/\/www.kvetenaodlesa.cz\/#website","url":"https:\/\/www.kvetenaodlesa.cz\/","name":"Zahradn\u00ed a floristck\u00e9 slu\u017eby","description":"Va\u0161e zahrada, na\u0161e v\u00e1\u0161e\u0148 - n\u00e1vrhy, realizace a \u00fadr\u017eba zahrad s l\u00e1skou k p\u0159\u00edrod\u011b. Jste z Prahy \u010di okol\u00ed? Ozv\u011bte se a u\u017e\u00edvejte si Va\u0161i zahradu a pr\u00e1ci nechte na n\u00e1s.","publisher":{"@id":"https:\/\/www.kvetenaodlesa.cz\/#organization"},"potentialAction":[{"@type":"SearchAction","target":{"@type":"EntryPoint","urlTemplate":"https:\/\/www.kvetenaodlesa.cz\/?s={search_term_string}"},"query-input":"required name=search_term_string"}],"inLanguage":"cs"},{"@type":"ImageObject","@id":"https:\/\/www.kvetenaodlesa.cz\/?page_id=3668#primaryimage","inLanguage":"cs","url":"https:\/\/kvetenaodlesa.cz\/wp-content\/uploads\/2022\/02\/1-7.jpg","contentUrl":"https:\/\/kvetenaodlesa.cz\/wp-content\/uploads\/2022\/02\/1-7.jpg"},{"@type":"WebPage","@id":"https:\/\/www.kvetenaodlesa.cz\/?page_id=3668#webpage","url":"https:\/\/www.kvetenaodlesa.cz\/?page_id=3668","name":"\u017dabov\u0159esky - Zahradn\u00ed a floristck\u00e9 slu\u017eby","isPartOf":{"@id":"https:\/\/www.kvetenaodlesa.cz\/#website"},"primaryImageOfPage":{"@id":"https:\/\/www.kvetenaodlesa.cz\/?page_id=3668#primaryimage"},"datePublished":"2022-02-07T14:06:09+00:00","dateModified":"2023-04-24T10:17:27+00:00","breadcrumb":{"@id":"https:\/\/www.kvetenaodlesa.cz\/?page_id=3668#breadcrumb"},"inLanguage":"cs","potentialAction":[{"@type":"ReadAction","target":["https:\/\/www.kvetenaodlesa.cz\/?page_id=3668"]}]},{"@type":"BreadcrumbList","@id":"https:\/\/www.kvetenaodlesa.cz\/?page_id=3668#breadcrumb","itemListElement":[{"@type":"ListItem","position":1,"name":"Dom\u016f","item":"https:\/\/www.kvetenaodlesa.cz\/"},{"@type":"ListItem","position":2,"name":"\u017dabov\u0159esky"}]}]}},"_links":{"self":[{"href":"https:\/\/www.kvetenaodlesa.cz\/index.php?rest_route=\/wp\/v2\/pages\/3668"}],"collection":[{"href":"https:\/\/www.kvetenaodlesa.cz\/index.php?rest_route=\/wp\/v2\/pages"}],"about":[{"href":"https:\/\/www.kvetenaodlesa.cz\/index.php?rest_route=\/wp\/v2\/types\/page"}],"author":[{"embeddable":true,"href":"https:\/\/www.kvetenaodlesa.cz\/index.php?rest_route=\/wp\/v2\/users\/1"}],"replies":[{"embeddable":true,"href":"https:\/\/www.kvetenaodlesa.cz\/index.php?rest_route=%2Fwp%2Fv2%2Fcomments&post=3668"}],"version-history":[{"count":6,"href":"https:\/\/www.kvetenaodlesa.cz\/index.php?rest_route=\/wp\/v2\/pages\/3668\/revisions"}],"predecessor-version":[{"id":4116,"href":"https:\/\/www.kvetenaodlesa.cz\/index.php?rest_route=\/wp\/v2\/pages\/3668\/revisions\/4116"}],"wp:attachment":[{"href":"https:\/\/www.kvetenaodlesa.cz\/index.php?rest_route=%2Fwp%2Fv2%2Fmedia&parent=3668"}],"curies":[{"name":"wp","href":"https:\/\/api.w.org\/{rel}","templated":true}]}}