{"id":3893,"date":"2022-02-22T15:50:06","date_gmt":"2022-02-22T14:50:06","guid":{"rendered":"https:\/\/kvetenaodlesa.cz\/?page_id=3893"},"modified":"2023-04-24T12:19:42","modified_gmt":"2023-04-24T10:19:42","slug":"recepce-kytice-dekorace","status":"publish","type":"page","link":"https:\/\/www.kvetenaodlesa.cz\/?page_id=3893","title":{"rendered":"Recepce"},"content":{"rendered":"\t\t<div data-elementor-type=\"wp-page\" data-elementor-id=\"3893\" class=\"elementor elementor-3893\" data-elementor-settings=\"[]\">\n\t\t\t\t\t\t\t<div class=\"elementor-section-wrap\">\n\t\t\t\t\t\t\t<section class=\"elementor-section elementor-top-section elementor-element elementor-element-3a61c79e elementor-section-boxed elementor-section-height-default elementor-section-height-default\" data-id=\"3a61c79e\" data-element_type=\"section\" data-settings=\"{&quot;jet_parallax_layout_list&quot;:[{&quot;jet_parallax_layout_image&quot;:{&quot;url&quot;:&quot;&quot;,&quot;id&quot;:&quot;&quot;},&quot;_id&quot;:&quot;4a8afaf&quot;,&quot;jet_parallax_layout_image_tablet&quot;:{&quot;url&quot;:&quot;&quot;,&quot;id&quot;:&quot;&quot;},&quot;jet_parallax_layout_image_mobile&quot;:{&quot;url&quot;:&quot;&quot;,&quot;id&quot;:&quot;&quot;},&quot;jet_parallax_layout_speed&quot;:{&quot;unit&quot;:&quot;%&quot;,&quot;size&quot;:50,&quot;sizes&quot;:[]},&quot;jet_parallax_layout_type&quot;:&quot;scroll&quot;,&quot;jet_parallax_layout_direction&quot;:null,&quot;jet_parallax_layout_fx_direction&quot;:null,&quot;jet_parallax_layout_z_index&quot;:&quot;&quot;,&quot;jet_parallax_layout_bg_x&quot;:50,&quot;jet_parallax_layout_bg_x_tablet&quot;:&quot;&quot;,&quot;jet_parallax_layout_bg_x_mobile&quot;:&quot;&quot;,&quot;jet_parallax_layout_bg_y&quot;:50,&quot;jet_parallax_layout_bg_y_tablet&quot;:&quot;&quot;,&quot;jet_parallax_layout_bg_y_mobile&quot;:&quot;&quot;,&quot;jet_parallax_layout_bg_size&quot;:&quot;auto&quot;,&quot;jet_parallax_layout_bg_size_tablet&quot;:&quot;&quot;,&quot;jet_parallax_layout_bg_size_mobile&quot;:&quot;&quot;,&quot;jet_parallax_layout_animation_prop&quot;:&quot;transform&quot;,&quot;jet_parallax_layout_on&quot;:[&quot;desktop&quot;,&quot;tablet&quot;]}]}\">\n\t\t\t\t\t\t<div class=\"elementor-container elementor-column-gap-default\">\n\t\t\t\t\t<div class=\"elementor-column elementor-col-100 elementor-top-column elementor-element elementor-element-ff5d3a\" data-id=\"ff5d3a\" data-element_type=\"column\">\n\t\t\t<div class=\"elementor-widget-wrap elementor-element-populated\">\n\t\t\t\t\t\t\t\t<div class=\"elementor-element elementor-element-e664e17 elementor-widget elementor-widget-text-editor\" data-id=\"e664e17\" data-element_type=\"widget\" data-widget_type=\"text-editor.default\">\n\t\t\t\t<div class=\"elementor-widget-container\">\n\t\t\t<style>\/*! elementor - v3.5.5 - 03-02-2022 *\/\n.elementor-widget-text-editor.elementor-drop-cap-view-stacked .elementor-drop-cap{background-color:#818a91;color:#fff}.elementor-widget-text-editor.elementor-drop-cap-view-framed .elementor-drop-cap{color:#818a91;border:3px solid;background-color:transparent}.elementor-widget-text-editor:not(.elementor-drop-cap-view-default) .elementor-drop-cap{margin-top:8px}.elementor-widget-text-editor:not(.elementor-drop-cap-view-default) .elementor-drop-cap-letter{width:1em;height:1em}.elementor-widget-text-editor .elementor-drop-cap{float:left;text-align:center;line-height:1;font-size:50px}.elementor-widget-text-editor .elementor-drop-cap-letter{display:inline-block}<\/style>\t\t\t\t<p>Tvo\u0159\u00edme z\u00e1kazov\u00e9 vazby a jin\u00e9 dekorace na va\u0161e recepce. Pokud jste nena\u0161li co hled\u00e1te, za\u0161lete n\u00e1m foto Va\u0161\u00ed p\u0159edstavy a r\u00e1di V\u00e1m vyhov\u00edme. Nacen\u011bn\u00ed zak\u00e1zek je individu\u00e1ln\u00ed, z\u00e1le\u017e\u00ed na \u010detnosti, materi\u00e1lech a um\u00edst\u011bn\u00ed va\u0161eho podniku.<\/p>\t\t\t\t\t\t<\/div>\n\t\t\t\t<\/div>\n\t\t\t\t<div class=\"elementor-element elementor-element-a23f2a7 elementor-widget elementor-widget-spacer\" data-id=\"a23f2a7\" data-element_type=\"widget\" data-widget_type=\"spacer.default\">\n\t\t\t\t<div class=\"elementor-widget-container\">\n\t\t\t\t\t<div class=\"elementor-spacer\">\n\t\t\t<div class=\"elementor-spacer-inner\"><\/div>\n\t\t<\/div>\n\t\t\t\t<\/div>\n\t\t\t\t<\/div>\n\t\t\t\t<div class=\"elementor-element elementor-element-c31e9ac elementor-widget elementor-widget-text-editor\" data-id=\"c31e9ac\" data-element_type=\"widget\" data-widget_type=\"text-editor.default\">\n\t\t\t\t<div class=\"elementor-widget-container\">\n\t\t\t\t\t\t\t<!-- wp:gallery {\"ids\":[3894,3895,3896,3897,3898,3899,3900,3901,3902,3903,3904],\"linkTo\":\"none\"} -->\n<figure class=\"wp-block-gallery columns-3 is-cropped\"><ul class=\"blocks-gallery-grid\"><li class=\"blocks-gallery-item\"><figure><img loading=\"lazy\" width=\"2968\" height=\"4888\" src=\"https:\/\/kvetenaodlesa.cz\/wp-content\/uploads\/2022\/02\/20181022_155504.jpg\" alt=\"\" data-id=\"3894\" data-link=\"https:\/\/kvetenaodlesa.cz\/?attachment_id=3894\" class=\"wp-image-3894\"\/><\/figure><\/li><li class=\"blocks-gallery-item\"><figure><img loading=\"lazy\" width=\"2975\" height=\"3935\" src=\"https:\/\/kvetenaodlesa.cz\/wp-content\/uploads\/2022\/02\/20181105_162228.jpg\" alt=\"\" data-id=\"3895\" data-link=\"https:\/\/kvetenaodlesa.cz\/?attachment_id=3895\" class=\"wp-image-3895\"\/><\/figure><\/li><li class=\"blocks-gallery-item\"><figure><img loading=\"lazy\" width=\"2988\" height=\"5067\" src=\"https:\/\/kvetenaodlesa.cz\/wp-content\/uploads\/2022\/02\/20181126_153936.jpg\" alt=\"\" data-id=\"3896\" data-link=\"https:\/\/kvetenaodlesa.cz\/?attachment_id=3896\" class=\"wp-image-3896\"\/><\/figure><\/li><li class=\"blocks-gallery-item\"><figure><img loading=\"lazy\" width=\"2909\" height=\"4895\" src=\"https:\/\/kvetenaodlesa.cz\/wp-content\/uploads\/2022\/02\/20181217_153734.jpg\" alt=\"\" data-id=\"3897\" data-link=\"https:\/\/kvetenaodlesa.cz\/?attachment_id=3897\" class=\"wp-image-3897\"\/><\/figure><\/li><li class=\"blocks-gallery-item\"><figure><img loading=\"lazy\" width=\"2988\" height=\"5312\" src=\"https:\/\/kvetenaodlesa.cz\/wp-content\/uploads\/2022\/02\/20181217_154328.jpg\" alt=\"\" data-id=\"3898\" data-link=\"https:\/\/kvetenaodlesa.cz\/?attachment_id=3898\" class=\"wp-image-3898\"\/><\/figure><\/li><li class=\"blocks-gallery-item\"><figure><img loading=\"lazy\" width=\"1152\" height=\"1956\" src=\"https:\/\/kvetenaodlesa.cz\/wp-content\/uploads\/2022\/02\/36992529_202898457038390_4878318137918881792_n.jpg\" alt=\"\" data-id=\"3899\" data-link=\"https:\/\/kvetenaodlesa.cz\/?attachment_id=3899\" class=\"wp-image-3899\"\/><\/figure><\/li><li class=\"blocks-gallery-item\"><figure><img loading=\"lazy\" width=\"791\" height=\"1337\" src=\"https:\/\/kvetenaodlesa.cz\/wp-content\/uploads\/2022\/02\/37722405_212594152735487_2768734299246034944_n.jpg\" alt=\"\" data-id=\"3900\" data-link=\"https:\/\/kvetenaodlesa.cz\/?attachment_id=3900\" class=\"wp-image-3900\"\/><\/figure><\/li><li class=\"blocks-gallery-item\"><figure><img loading=\"lazy\" width=\"720\" height=\"960\" src=\"https:\/\/kvetenaodlesa.cz\/wp-content\/uploads\/2022\/02\/134358696_709024063092491_1197187963229495280_n.jpg\" alt=\"\" data-id=\"3901\" data-link=\"https:\/\/kvetenaodlesa.cz\/?attachment_id=3901\" class=\"wp-image-3901\"\/><\/figure><\/li><li class=\"blocks-gallery-item\"><figure><img loading=\"lazy\" width=\"3024\" height=\"3780\" src=\"https:\/\/kvetenaodlesa.cz\/wp-content\/uploads\/2022\/02\/IMG_20190520_151227_969.jpg\" alt=\"\" data-id=\"3902\" data-link=\"https:\/\/kvetenaodlesa.cz\/?attachment_id=3902\" class=\"wp-image-3902\"\/><\/figure><\/li><li class=\"blocks-gallery-item\"><figure><img loading=\"lazy\" width=\"3024\" height=\"3780\" src=\"https:\/\/kvetenaodlesa.cz\/wp-content\/uploads\/2022\/02\/IMG_20190520_151651_913.jpg\" alt=\"\" data-id=\"3903\" data-link=\"https:\/\/kvetenaodlesa.cz\/?attachment_id=3903\" class=\"wp-image-3903\"\/><\/figure><\/li><li class=\"blocks-gallery-item\"><figure><img loading=\"lazy\" width=\"2288\" height=\"3720\" src=\"https:\/\/kvetenaodlesa.cz\/wp-content\/uploads\/2022\/02\/IMG_20190716_112441.jpg\" alt=\"\" data-id=\"3904\" data-link=\"https:\/\/kvetenaodlesa.cz\/?attachment_id=3904\" class=\"wp-image-3904\"\/><\/figure><\/li><\/ul><\/figure>\n<!-- \/wp:gallery -->\t\t\t\t\t\t<\/div>\n\t\t\t\t<\/div>\n\t\t\t\t\t<\/div>\n\t\t<\/div>\n\t\t\t\t\t\t\t<\/div>\n\t\t<\/section>\n\t\t\t\t<section class=\"elementor-section elementor-top-section elementor-element elementor-element-3c38987 elementor-section-boxed elementor-section-height-default elementor-section-height-default\" data-id=\"3c38987\" data-element_type=\"section\" data-settings=\"{&quot;jet_parallax_layout_list&quot;:[{&quot;jet_parallax_layout_image&quot;:{&quot;url&quot;:&quot;&quot;,&quot;id&quot;:&quot;&quot;},&quot;_id&quot;:&quot;5d3b325&quot;,&quot;jet_parallax_layout_image_tablet&quot;:{&quot;url&quot;:&quot;&quot;,&quot;id&quot;:&quot;&quot;},&quot;jet_parallax_layout_image_mobile&quot;:{&quot;url&quot;:&quot;&quot;,&quot;id&quot;:&quot;&quot;},&quot;jet_parallax_layout_speed&quot;:{&quot;unit&quot;:&quot;%&quot;,&quot;size&quot;:50,&quot;sizes&quot;:[]},&quot;jet_parallax_layout_type&quot;:&quot;scroll&quot;,&quot;jet_parallax_layout_direction&quot;:null,&quot;jet_parallax_layout_fx_direction&quot;:null,&quot;jet_parallax_layout_z_index&quot;:&quot;&quot;,&quot;jet_parallax_layout_bg_x&quot;:50,&quot;jet_parallax_layout_bg_x_tablet&quot;:&quot;&quot;,&quot;jet_parallax_layout_bg_x_mobile&quot;:&quot;&quot;,&quot;jet_parallax_layout_bg_y&quot;:50,&quot;jet_parallax_layout_bg_y_tablet&quot;:&quot;&quot;,&quot;jet_parallax_layout_bg_y_mobile&quot;:&quot;&quot;,&quot;jet_parallax_layout_bg_size&quot;:&quot;auto&quot;,&quot;jet_parallax_layout_bg_size_tablet&quot;:&quot;&quot;,&quot;jet_parallax_layout_bg_size_mobile&quot;:&quot;&quot;,&quot;jet_parallax_layout_animation_prop&quot;:&quot;transform&quot;,&quot;jet_parallax_layout_on&quot;:[&quot;desktop&quot;,&quot;tablet&quot;]}]}\">\n\t\t\t\t\t\t<div class=\"elementor-container elementor-column-gap-default\">\n\t\t\t\t\t<div class=\"elementor-column elementor-col-100 elementor-top-column elementor-element elementor-element-663756d\" data-id=\"663756d\" data-element_type=\"column\">\n\t\t\t<div class=\"elementor-widget-wrap\">\n\t\t\t\t\t\t\t\t\t<\/div>\n\t\t<\/div>\n\t\t\t\t\t\t\t<\/div>\n\t\t<\/section>\n\t\t\t\t\t\t<\/div>\n\t\t\t\t\t<\/div>\n\t\t","protected":false},"excerpt":{"rendered":"<p>Tvo\u0159\u00edme z\u00e1kazov\u00e9 vazby a jin\u00e9 dekorace na va\u0161e recepce. Pokud jste nena\u0161li co hled\u00e1te, za\u0161lete n\u00e1m foto Va\u0161\u00ed p\u0159edstavy a r\u00e1di V\u00e1m vyhov\u00edme. Nacen\u011bn\u00ed zak\u00e1zek je individu\u00e1ln\u00ed, z\u00e1le\u017e\u00ed na \u010detnosti, materi\u00e1lech a um\u00edst\u011bn\u00ed va\u0161eho podniku.<\/p>\n","protected":false},"author":1,"featured_media":0,"parent":0,"menu_order":0,"comment_status":"closed","ping_status":"closed","template":"","meta":{"ngg_post_thumbnail":0},"yoast_head":"<!-- This site is optimized with the Yoast SEO plugin v18.2 - https:\/\/yoast.com\/wordpress\/plugins\/seo\/ -->\n<title>Recepce - Zahradn\u00ed a floristck\u00e9 slu\u017eby<\/title>\n<meta name=\"robots\" content=\"index, follow, max-snippet:-1, max-image-preview:large, max-video-preview:-1\" \/>\n<link rel=\"canonical\" href=\"https:\/\/www.kvetenaodlesa.cz\/?page_id=3893\" \/>\n<meta property=\"og:locale\" content=\"cs_CZ\" \/>\n<meta property=\"og:type\" content=\"article\" \/>\n<meta property=\"og:title\" content=\"Recepce - Zahradn\u00ed a floristck\u00e9 slu\u017eby\" \/>\n<meta property=\"og:description\" content=\"Tvo\u0159\u00edme z\u00e1kazov\u00e9 vazby a jin\u00e9 dekorace na va\u0161e recepce. Pokud jste nena\u0161li co hled\u00e1te, za\u0161lete n\u00e1m foto Va\u0161\u00ed p\u0159edstavy a r\u00e1di V\u00e1m vyhov\u00edme. Nacen\u011bn\u00ed zak\u00e1zek je individu\u00e1ln\u00ed, z\u00e1le\u017e\u00ed na \u010detnosti, materi\u00e1lech a um\u00edst\u011bn\u00ed va\u0161eho podniku.\" \/>\n<meta property=\"og:url\" content=\"https:\/\/www.kvetenaodlesa.cz\/?page_id=3893\" \/>\n<meta property=\"og:site_name\" content=\"Zahradn\u00ed a floristck\u00e9 slu\u017eby\" \/>\n<meta property=\"article:publisher\" content=\"https:\/\/www.facebook.com\/kvetenaodlesa\" \/>\n<meta property=\"article:modified_time\" content=\"2023-04-24T10:19:42+00:00\" \/>\n<meta property=\"og:image\" content=\"https:\/\/kvetenaodlesa.cz\/wp-content\/uploads\/2022\/02\/20181022_155504.jpg\" \/>\n<meta name=\"twitter:card\" content=\"summary_large_image\" \/>\n<script type=\"application\/ld+json\" class=\"yoast-schema-graph\">{\"@context\":\"https:\/\/schema.org\",\"@graph\":[{\"@type\":\"Organization\",\"@id\":\"https:\/\/www.kvetenaodlesa.cz\/#organization\",\"name\":\"Kv\u011btena od Lesa\",\"url\":\"https:\/\/www.kvetenaodlesa.cz\/\",\"sameAs\":[\"https:\/\/www.facebook.com\/kvetenaodlesa\",\"https:\/\/www.instagram.com\/kvetenaodlesa\/\"],\"logo\":{\"@type\":\"ImageObject\",\"@id\":\"https:\/\/www.kvetenaodlesa.cz\/#logo\",\"inLanguage\":\"cs\",\"url\":\"https:\/\/www.kvetenaodlesa.cz\/wp-content\/uploads\/2022\/04\/zahradni_floristicke_sluzby.png\",\"contentUrl\":\"https:\/\/www.kvetenaodlesa.cz\/wp-content\/uploads\/2022\/04\/zahradni_floristicke_sluzby.png\",\"width\":1500,\"height\":1500,\"caption\":\"Kv\u011btena od Lesa\"},\"image\":{\"@id\":\"https:\/\/www.kvetenaodlesa.cz\/#logo\"}},{\"@type\":\"WebSite\",\"@id\":\"https:\/\/www.kvetenaodlesa.cz\/#website\",\"url\":\"https:\/\/www.kvetenaodlesa.cz\/\",\"name\":\"Zahradn\u00ed a floristck\u00e9 slu\u017eby\",\"description\":\"Va\u0161e zahrada, na\u0161e v\u00e1\u0161e\u0148 - n\u00e1vrhy, realizace a \u00fadr\u017eba zahrad s l\u00e1skou k p\u0159\u00edrod\u011b. Jste z Prahy \u010di okol\u00ed? Ozv\u011bte se a u\u017e\u00edvejte si Va\u0161i zahradu a pr\u00e1ci nechte na n\u00e1s.\",\"publisher\":{\"@id\":\"https:\/\/www.kvetenaodlesa.cz\/#organization\"},\"potentialAction\":[{\"@type\":\"SearchAction\",\"target\":{\"@type\":\"EntryPoint\",\"urlTemplate\":\"https:\/\/www.kvetenaodlesa.cz\/?s={search_term_string}\"},\"query-input\":\"required name=search_term_string\"}],\"inLanguage\":\"cs\"},{\"@type\":\"ImageObject\",\"@id\":\"https:\/\/www.kvetenaodlesa.cz\/?page_id=3893#primaryimage\",\"inLanguage\":\"cs\",\"url\":\"https:\/\/kvetenaodlesa.cz\/wp-content\/uploads\/2022\/02\/20181022_155504.jpg\",\"contentUrl\":\"https:\/\/kvetenaodlesa.cz\/wp-content\/uploads\/2022\/02\/20181022_155504.jpg\"},{\"@type\":\"WebPage\",\"@id\":\"https:\/\/www.kvetenaodlesa.cz\/?page_id=3893#webpage\",\"url\":\"https:\/\/www.kvetenaodlesa.cz\/?page_id=3893\",\"name\":\"Recepce - Zahradn\u00ed a floristck\u00e9 slu\u017eby\",\"isPartOf\":{\"@id\":\"https:\/\/www.kvetenaodlesa.cz\/#website\"},\"primaryImageOfPage\":{\"@id\":\"https:\/\/www.kvetenaodlesa.cz\/?page_id=3893#primaryimage\"},\"datePublished\":\"2022-02-22T14:50:06+00:00\",\"dateModified\":\"2023-04-24T10:19:42+00:00\",\"breadcrumb\":{\"@id\":\"https:\/\/www.kvetenaodlesa.cz\/?page_id=3893#breadcrumb\"},\"inLanguage\":\"cs\",\"potentialAction\":[{\"@type\":\"ReadAction\",\"target\":[\"https:\/\/www.kvetenaodlesa.cz\/?page_id=3893\"]}]},{\"@type\":\"BreadcrumbList\",\"@id\":\"https:\/\/www.kvetenaodlesa.cz\/?page_id=3893#breadcrumb\",\"itemListElement\":[{\"@type\":\"ListItem\",\"position\":1,\"name\":\"Dom\u016f\",\"item\":\"https:\/\/www.kvetenaodlesa.cz\/\"},{\"@type\":\"ListItem\",\"position\":2,\"name\":\"Recepce\"}]}]}<\/script>\n<!-- \/ Yoast SEO plugin. -->","yoast_head_json":{"title":"Recepce - Zahradn\u00ed a floristck\u00e9 slu\u017eby","robots":{"index":"index","follow":"follow","max-snippet":"max-snippet:-1","max-image-preview":"max-image-preview:large","max-video-preview":"max-video-preview:-1"},"canonical":"https:\/\/www.kvetenaodlesa.cz\/?page_id=3893","og_locale":"cs_CZ","og_type":"article","og_title":"Recepce - Zahradn\u00ed a floristck\u00e9 slu\u017eby","og_description":"Tvo\u0159\u00edme z\u00e1kazov\u00e9 vazby a jin\u00e9 dekorace na va\u0161e recepce. Pokud jste nena\u0161li co hled\u00e1te, za\u0161lete n\u00e1m foto Va\u0161\u00ed p\u0159edstavy a r\u00e1di V\u00e1m vyhov\u00edme. Nacen\u011bn\u00ed zak\u00e1zek je individu\u00e1ln\u00ed, z\u00e1le\u017e\u00ed na \u010detnosti, materi\u00e1lech a um\u00edst\u011bn\u00ed va\u0161eho podniku.","og_url":"https:\/\/www.kvetenaodlesa.cz\/?page_id=3893","og_site_name":"Zahradn\u00ed a floristck\u00e9 slu\u017eby","article_publisher":"https:\/\/www.facebook.com\/kvetenaodlesa","article_modified_time":"2023-04-24T10:19:42+00:00","og_image":[{"url":"https:\/\/kvetenaodlesa.cz\/wp-content\/uploads\/2022\/02\/20181022_155504.jpg"}],"twitter_card":"summary_large_image","schema":{"@context":"https:\/\/schema.org","@graph":[{"@type":"Organization","@id":"https:\/\/www.kvetenaodlesa.cz\/#organization","name":"Kv\u011btena od Lesa","url":"https:\/\/www.kvetenaodlesa.cz\/","sameAs":["https:\/\/www.facebook.com\/kvetenaodlesa","https:\/\/www.instagram.com\/kvetenaodlesa\/"],"logo":{"@type":"ImageObject","@id":"https:\/\/www.kvetenaodlesa.cz\/#logo","inLanguage":"cs","url":"https:\/\/www.kvetenaodlesa.cz\/wp-content\/uploads\/2022\/04\/zahradni_floristicke_sluzby.png","contentUrl":"https:\/\/www.kvetenaodlesa.cz\/wp-content\/uploads\/2022\/04\/zahradni_floristicke_sluzby.png","width":1500,"height":1500,"caption":"Kv\u011btena od Lesa"},"image":{"@id":"https:\/\/www.kvetenaodlesa.cz\/#logo"}},{"@type":"WebSite","@id":"https:\/\/www.kvetenaodlesa.cz\/#website","url":"https:\/\/www.kvetenaodlesa.cz\/","name":"Zahradn\u00ed a floristck\u00e9 slu\u017eby","description":"Va\u0161e zahrada, na\u0161e v\u00e1\u0161e\u0148 - n\u00e1vrhy, realizace a \u00fadr\u017eba zahrad s l\u00e1skou k p\u0159\u00edrod\u011b. Jste z Prahy \u010di okol\u00ed? Ozv\u011bte se a u\u017e\u00edvejte si Va\u0161i zahradu a pr\u00e1ci nechte na n\u00e1s.","publisher":{"@id":"https:\/\/www.kvetenaodlesa.cz\/#organization"},"potentialAction":[{"@type":"SearchAction","target":{"@type":"EntryPoint","urlTemplate":"https:\/\/www.kvetenaodlesa.cz\/?s={search_term_string}"},"query-input":"required name=search_term_string"}],"inLanguage":"cs"},{"@type":"ImageObject","@id":"https:\/\/www.kvetenaodlesa.cz\/?page_id=3893#primaryimage","inLanguage":"cs","url":"https:\/\/kvetenaodlesa.cz\/wp-content\/uploads\/2022\/02\/20181022_155504.jpg","contentUrl":"https:\/\/kvetenaodlesa.cz\/wp-content\/uploads\/2022\/02\/20181022_155504.jpg"},{"@type":"WebPage","@id":"https:\/\/www.kvetenaodlesa.cz\/?page_id=3893#webpage","url":"https:\/\/www.kvetenaodlesa.cz\/?page_id=3893","name":"Recepce - Zahradn\u00ed a floristck\u00e9 slu\u017eby","isPartOf":{"@id":"https:\/\/www.kvetenaodlesa.cz\/#website"},"primaryImageOfPage":{"@id":"https:\/\/www.kvetenaodlesa.cz\/?page_id=3893#primaryimage"},"datePublished":"2022-02-22T14:50:06+00:00","dateModified":"2023-04-24T10:19:42+00:00","breadcrumb":{"@id":"https:\/\/www.kvetenaodlesa.cz\/?page_id=3893#breadcrumb"},"inLanguage":"cs","potentialAction":[{"@type":"ReadAction","target":["https:\/\/www.kvetenaodlesa.cz\/?page_id=3893"]}]},{"@type":"BreadcrumbList","@id":"https:\/\/www.kvetenaodlesa.cz\/?page_id=3893#breadcrumb","itemListElement":[{"@type":"ListItem","position":1,"name":"Dom\u016f","item":"https:\/\/www.kvetenaodlesa.cz\/"},{"@type":"ListItem","position":2,"name":"Recepce"}]}]}},"_links":{"self":[{"href":"https:\/\/www.kvetenaodlesa.cz\/index.php?rest_route=\/wp\/v2\/pages\/3893"}],"collection":[{"href":"https:\/\/www.kvetenaodlesa.cz\/index.php?rest_route=\/wp\/v2\/pages"}],"about":[{"href":"https:\/\/www.kvetenaodlesa.cz\/index.php?rest_route=\/wp\/v2\/types\/page"}],"author":[{"embeddable":true,"href":"https:\/\/www.kvetenaodlesa.cz\/index.php?rest_route=\/wp\/v2\/users\/1"}],"replies":[{"embeddable":true,"href":"https:\/\/www.kvetenaodlesa.cz\/index.php?rest_route=%2Fwp%2Fv2%2Fcomments&post=3893"}],"version-history":[{"count":3,"href":"https:\/\/www.kvetenaodlesa.cz\/index.php?rest_route=\/wp\/v2\/pages\/3893\/revisions"}],"predecessor-version":[{"id":3907,"href":"https:\/\/www.kvetenaodlesa.cz\/index.php?rest_route=\/wp\/v2\/pages\/3893\/revisions\/3907"}],"wp:attachment":[{"href":"https:\/\/www.kvetenaodlesa.cz\/index.php?rest_route=%2Fwp%2Fv2%2Fmedia&parent=3893"}],"curies":[{"name":"wp","href":"https:\/\/api.w.org\/{rel}","templated":true}]}}