{"id":2111,"date":"2019-08-28T12:35:36","date_gmt":"2019-08-28T12:35:36","guid":{"rendered":"https:\/\/ld-wp73.template-help.com\/wordpress\/prod_11363\/v2\/product\/import-placeholder-for-58\/"},"modified":"2019-08-28T12:35:36","modified_gmt":"2019-08-28T12:35:36","slug":"belt","status":"publish","type":"product","link":"https:\/\/www.kvetenaodlesa.cz\/?product=belt","title":{"rendered":"Belt"},"content":{"rendered":"<p>Pellentesque habitant morbi tristique senectus et netus et malesuada fames ac turpis egestas. Vestibulum tortor quam, feugiat vitae, ultricies eget, tempor sit amet, ante. Donec eu libero sit amet quam egestas semper. Aenean ultricies mi vitae est. Mauris placerat eleifend leo.<\/p>\n","protected":false},"excerpt":{"rendered":"<p>This is a simple product.<\/p>\n","protected":false},"featured_media":2140,"comment_status":"open","ping_status":"closed","template":"","meta":{"ngg_post_thumbnail":0},"product_cat":[35],"product_tag":[],"yoast_head":"<!-- This site is optimized with the Yoast SEO plugin v18.2 - https:\/\/yoast.com\/wordpress\/plugins\/seo\/ -->\n<title>Belt - Zahradn\u00ed a floristck\u00e9 slu\u017eby<\/title>\n<meta name=\"robots\" content=\"index, follow, max-snippet:-1, max-image-preview:large, max-video-preview:-1\" \/>\n<link rel=\"canonical\" href=\"https:\/\/www.kvetenaodlesa.cz\/?product=belt\" \/>\n<meta property=\"og:locale\" content=\"cs_CZ\" \/>\n<meta property=\"og:type\" content=\"article\" \/>\n<meta property=\"og:title\" content=\"Belt - Zahradn\u00ed a floristck\u00e9 slu\u017eby\" \/>\n<meta property=\"og:description\" content=\"This is a simple product.\" \/>\n<meta property=\"og:url\" content=\"https:\/\/www.kvetenaodlesa.cz\/?product=belt\" \/>\n<meta property=\"og:site_name\" content=\"Zahradn\u00ed a floristck\u00e9 slu\u017eby\" \/>\n<meta property=\"article:publisher\" content=\"https:\/\/www.facebook.com\/kvetenaodlesa\" \/>\n<meta property=\"og:image\" content=\"https:\/\/www.kvetenaodlesa.cz\/wp-content\/uploads\/2019\/08\/belt-2.jpg\" \/>\n\t<meta property=\"og:image:width\" content=\"801\" \/>\n\t<meta property=\"og:image:height\" content=\"801\" \/>\n\t<meta property=\"og:image:type\" content=\"image\/jpeg\" \/>\n<meta name=\"twitter:card\" content=\"summary_large_image\" \/>\n<script type=\"application\/ld+json\" class=\"yoast-schema-graph\">{\"@context\":\"https:\/\/schema.org\",\"@graph\":[{\"@type\":\"Organization\",\"@id\":\"https:\/\/www.kvetenaodlesa.cz\/#organization\",\"name\":\"Kv\u011btena od Lesa\",\"url\":\"https:\/\/www.kvetenaodlesa.cz\/\",\"sameAs\":[\"https:\/\/www.facebook.com\/kvetenaodlesa\",\"https:\/\/www.instagram.com\/kvetenaodlesa\/\"],\"logo\":{\"@type\":\"ImageObject\",\"@id\":\"https:\/\/www.kvetenaodlesa.cz\/#logo\",\"inLanguage\":\"cs\",\"url\":\"https:\/\/www.kvetenaodlesa.cz\/wp-content\/uploads\/2022\/04\/zahradni_floristicke_sluzby.png\",\"contentUrl\":\"https:\/\/www.kvetenaodlesa.cz\/wp-content\/uploads\/2022\/04\/zahradni_floristicke_sluzby.png\",\"width\":1500,\"height\":1500,\"caption\":\"Kv\u011btena od Lesa\"},\"image\":{\"@id\":\"https:\/\/www.kvetenaodlesa.cz\/#logo\"}},{\"@type\":\"WebSite\",\"@id\":\"https:\/\/www.kvetenaodlesa.cz\/#website\",\"url\":\"https:\/\/www.kvetenaodlesa.cz\/\",\"name\":\"Zahradn\u00ed a floristck\u00e9 slu\u017eby\",\"description\":\"Va\u0161e zahrada, na\u0161e v\u00e1\u0161e\u0148 - n\u00e1vrhy, realizace a \u00fadr\u017eba zahrad s l\u00e1skou k p\u0159\u00edrod\u011b. Jste z Prahy \u010di okol\u00ed? Ozv\u011bte se a u\u017e\u00edvejte si Va\u0161i zahradu a pr\u00e1ci nechte na n\u00e1s.\",\"publisher\":{\"@id\":\"https:\/\/www.kvetenaodlesa.cz\/#organization\"},\"potentialAction\":[{\"@type\":\"SearchAction\",\"target\":{\"@type\":\"EntryPoint\",\"urlTemplate\":\"https:\/\/www.kvetenaodlesa.cz\/?s={search_term_string}\"},\"query-input\":\"required name=search_term_string\"}],\"inLanguage\":\"cs\"},{\"@type\":\"ImageObject\",\"@id\":\"https:\/\/www.kvetenaodlesa.cz\/?product=belt#primaryimage\",\"inLanguage\":\"cs\",\"url\":\"https:\/\/www.kvetenaodlesa.cz\/wp-content\/uploads\/2019\/08\/belt-2.jpg\",\"contentUrl\":\"https:\/\/www.kvetenaodlesa.cz\/wp-content\/uploads\/2019\/08\/belt-2.jpg\",\"width\":801,\"height\":801,\"caption\":\"image\"},{\"@type\":\"WebPage\",\"@id\":\"https:\/\/www.kvetenaodlesa.cz\/?product=belt#webpage\",\"url\":\"https:\/\/www.kvetenaodlesa.cz\/?product=belt\",\"name\":\"Belt - Zahradn\u00ed a floristck\u00e9 slu\u017eby\",\"isPartOf\":{\"@id\":\"https:\/\/www.kvetenaodlesa.cz\/#website\"},\"primaryImageOfPage\":{\"@id\":\"https:\/\/www.kvetenaodlesa.cz\/?product=belt#primaryimage\"},\"datePublished\":\"2019-08-28T12:35:36+00:00\",\"dateModified\":\"2019-08-28T12:35:36+00:00\",\"breadcrumb\":{\"@id\":\"https:\/\/www.kvetenaodlesa.cz\/?product=belt#breadcrumb\"},\"inLanguage\":\"cs\",\"potentialAction\":[{\"@type\":\"ReadAction\",\"target\":[\"https:\/\/www.kvetenaodlesa.cz\/?product=belt\"]}]},{\"@type\":\"BreadcrumbList\",\"@id\":\"https:\/\/www.kvetenaodlesa.cz\/?product=belt#breadcrumb\",\"itemListElement\":[{\"@type\":\"ListItem\",\"position\":1,\"name\":\"Dom\u016f\",\"item\":\"https:\/\/www.kvetenaodlesa.cz\/\"},{\"@type\":\"ListItem\",\"position\":2,\"name\":\"Obchod\",\"item\":\"https:\/\/www.kvetenaodlesa.cz\/?page_id=13\"},{\"@type\":\"ListItem\",\"position\":3,\"name\":\"Belt\"}]}]}<\/script>\n<!-- \/ Yoast SEO plugin. -->","yoast_head_json":{"title":"Belt - Zahradn\u00ed a floristck\u00e9 slu\u017eby","robots":{"index":"index","follow":"follow","max-snippet":"max-snippet:-1","max-image-preview":"max-image-preview:large","max-video-preview":"max-video-preview:-1"},"canonical":"https:\/\/www.kvetenaodlesa.cz\/?product=belt","og_locale":"cs_CZ","og_type":"article","og_title":"Belt - Zahradn\u00ed a floristck\u00e9 slu\u017eby","og_description":"This is a simple product.","og_url":"https:\/\/www.kvetenaodlesa.cz\/?product=belt","og_site_name":"Zahradn\u00ed a floristck\u00e9 slu\u017eby","article_publisher":"https:\/\/www.facebook.com\/kvetenaodlesa","og_image":[{"width":801,"height":801,"url":"https:\/\/www.kvetenaodlesa.cz\/wp-content\/uploads\/2019\/08\/belt-2.jpg","type":"image\/jpeg"}],"twitter_card":"summary_large_image","schema":{"@context":"https:\/\/schema.org","@graph":[{"@type":"Organization","@id":"https:\/\/www.kvetenaodlesa.cz\/#organization","name":"Kv\u011btena od Lesa","url":"https:\/\/www.kvetenaodlesa.cz\/","sameAs":["https:\/\/www.facebook.com\/kvetenaodlesa","https:\/\/www.instagram.com\/kvetenaodlesa\/"],"logo":{"@type":"ImageObject","@id":"https:\/\/www.kvetenaodlesa.cz\/#logo","inLanguage":"cs","url":"https:\/\/www.kvetenaodlesa.cz\/wp-content\/uploads\/2022\/04\/zahradni_floristicke_sluzby.png","contentUrl":"https:\/\/www.kvetenaodlesa.cz\/wp-content\/uploads\/2022\/04\/zahradni_floristicke_sluzby.png","width":1500,"height":1500,"caption":"Kv\u011btena od Lesa"},"image":{"@id":"https:\/\/www.kvetenaodlesa.cz\/#logo"}},{"@type":"WebSite","@id":"https:\/\/www.kvetenaodlesa.cz\/#website","url":"https:\/\/www.kvetenaodlesa.cz\/","name":"Zahradn\u00ed a floristck\u00e9 slu\u017eby","description":"Va\u0161e zahrada, na\u0161e v\u00e1\u0161e\u0148 - n\u00e1vrhy, realizace a \u00fadr\u017eba zahrad s l\u00e1skou k p\u0159\u00edrod\u011b. Jste z Prahy \u010di okol\u00ed? Ozv\u011bte se a u\u017e\u00edvejte si Va\u0161i zahradu a pr\u00e1ci nechte na n\u00e1s.","publisher":{"@id":"https:\/\/www.kvetenaodlesa.cz\/#organization"},"potentialAction":[{"@type":"SearchAction","target":{"@type":"EntryPoint","urlTemplate":"https:\/\/www.kvetenaodlesa.cz\/?s={search_term_string}"},"query-input":"required name=search_term_string"}],"inLanguage":"cs"},{"@type":"ImageObject","@id":"https:\/\/www.kvetenaodlesa.cz\/?product=belt#primaryimage","inLanguage":"cs","url":"https:\/\/www.kvetenaodlesa.cz\/wp-content\/uploads\/2019\/08\/belt-2.jpg","contentUrl":"https:\/\/www.kvetenaodlesa.cz\/wp-content\/uploads\/2019\/08\/belt-2.jpg","width":801,"height":801,"caption":"image"},{"@type":"WebPage","@id":"https:\/\/www.kvetenaodlesa.cz\/?product=belt#webpage","url":"https:\/\/www.kvetenaodlesa.cz\/?product=belt","name":"Belt - Zahradn\u00ed a floristck\u00e9 slu\u017eby","isPartOf":{"@id":"https:\/\/www.kvetenaodlesa.cz\/#website"},"primaryImageOfPage":{"@id":"https:\/\/www.kvetenaodlesa.cz\/?product=belt#primaryimage"},"datePublished":"2019-08-28T12:35:36+00:00","dateModified":"2019-08-28T12:35:36+00:00","breadcrumb":{"@id":"https:\/\/www.kvetenaodlesa.cz\/?product=belt#breadcrumb"},"inLanguage":"cs","potentialAction":[{"@type":"ReadAction","target":["https:\/\/www.kvetenaodlesa.cz\/?product=belt"]}]},{"@type":"BreadcrumbList","@id":"https:\/\/www.kvetenaodlesa.cz\/?product=belt#breadcrumb","itemListElement":[{"@type":"ListItem","position":1,"name":"Dom\u016f","item":"https:\/\/www.kvetenaodlesa.cz\/"},{"@type":"ListItem","position":2,"name":"Obchod","item":"https:\/\/www.kvetenaodlesa.cz\/?page_id=13"},{"@type":"ListItem","position":3,"name":"Belt"}]}]}},"_links":{"self":[{"href":"https:\/\/www.kvetenaodlesa.cz\/index.php?rest_route=\/wp\/v2\/product\/2111"}],"collection":[{"href":"https:\/\/www.kvetenaodlesa.cz\/index.php?rest_route=\/wp\/v2\/product"}],"about":[{"href":"https:\/\/www.kvetenaodlesa.cz\/index.php?rest_route=\/wp\/v2\/types\/product"}],"replies":[{"embeddable":true,"href":"https:\/\/www.kvetenaodlesa.cz\/index.php?rest_route=%2Fwp%2Fv2%2Fcomments&post=2111"}],"wp:featuredmedia":[{"embeddable":true,"href":"https:\/\/www.kvetenaodlesa.cz\/index.php?rest_route=\/wp\/v2\/media\/2140"}],"wp:attachment":[{"href":"https:\/\/www.kvetenaodlesa.cz\/index.php?rest_route=%2Fwp%2Fv2%2Fmedia&parent=2111"}],"wp:term":[{"taxonomy":"product_cat","embeddable":true,"href":"https:\/\/www.kvetenaodlesa.cz\/index.php?rest_route=%2Fwp%2Fv2%2Fproduct_cat&post=2111"},{"taxonomy":"product_tag","embeddable":true,"href":"https:\/\/www.kvetenaodlesa.cz\/index.php?rest_route=%2Fwp%2Fv2%2Fproduct_tag&post=2111"}],"curies":[{"name":"wp","href":"https:\/\/api.w.org\/{rel}","templated":true}]}}